{"id":195,"date":"2023-01-25T10:58:59","date_gmt":"2023-01-25T09:58:59","guid":{"rendered":"http:\/\/www.escadn.fr\/?page_id=195"},"modified":"2025-05-16T15:11:57","modified_gmt":"2025-05-16T13:11:57","slug":"nos-services-escadn","status":"publish","type":"page","link":"https:\/\/www.escadn.fr\/?page_id=195","title":{"rendered":"Nos services"},"content":{"rendered":"\t\t<div data-elementor-type=\"wp-page\" data-elementor-id=\"195\" class=\"elementor elementor-195\">\n\t\t\t\t\t\t<section class=\"elementor-section elementor-top-section elementor-element elementor-element-9027b62 elementor-section-full_width elementor-section-stretched elementor-section-height-default elementor-section-height-default\" data-id=\"9027b62\" data-element_type=\"section\" data-e-type=\"section\" data-settings=\"{&quot;stretch_section&quot;:&quot;section-stretched&quot;}\">\n\t\t\t\t\t\t<div class=\"elementor-container elementor-column-gap-default\">\n\t\t\t\t\t<div class=\"elementor-column elementor-col-100 elementor-top-column elementor-element elementor-element-e9f5011\" data-id=\"e9f5011\" data-element_type=\"column\" data-e-type=\"column\">\n\t\t\t<div class=\"elementor-widget-wrap elementor-element-populated\">\n\t\t\t\t\t\t<div class=\"elementor-element elementor-element-2d01432 elementor-invisible elementor-widget elementor-widget-text-editor\" data-id=\"2d01432\" data-element_type=\"widget\" data-e-type=\"widget\" data-settings=\"{&quot;_animation&quot;:&quot;fadeInDown&quot;}\" data-widget_type=\"text-editor.default\">\n\t\t\t\t<div class=\"elementor-widget-container\">\n\t\t\t\t\t\t\t\t\t<p>ESCADN\u00a0 vous offre des services dans le domaine de la science, la technologie et l&rsquo;informatique.\u00a0<\/p>\t\t\t\t\t\t\t\t<\/div>\n\t\t\t\t<\/div>\n\t\t\t\t<div class=\"elementor-element elementor-element-a49a803 elementor-widget elementor-widget-image-gallery\" data-id=\"a49a803\" data-element_type=\"widget\" data-e-type=\"widget\" data-widget_type=\"image-gallery.default\">\n\t\t\t\t<div class=\"elementor-widget-container\">\n\t\t\t\t\t\t\t<div class=\"elementor-image-gallery\">\n\t\t\t<div id='gallery-1' class='gallery galleryid-195 gallery-columns-4 gallery-size-medium'><figure class='gallery-item'>\n\t\t\t<div class='gallery-icon landscape'>\n\t\t\t\t<a data-elementor-open-lightbox=\"yes\" data-elementor-lightbox-slideshow=\"a49a803\" data-elementor-lightbox-title=\"\u00e9tat d&#039;art\" data-e-action-hash=\"#elementor-action%3Aaction%3Dlightbox%26settings%3DeyJpZCI6NzQ0LCJ1cmwiOiJodHRwczpcL1wvd3d3LmVzY2Fkbi5mclwvd3AtY29udGVudFwvdXBsb2Fkc1wvMjAyM1wvMDJcL2V0YXQtZGFydC5wbmciLCJzbGlkZXNob3ciOiJhNDlhODAzIn0%3D\" href='https:\/\/www.escadn.fr\/wp-content\/uploads\/2023\/02\/etat-dart.png'><img fetchpriority=\"high\" decoding=\"async\" width=\"300\" height=\"169\" src=\"https:\/\/www.escadn.fr\/wp-content\/uploads\/2023\/02\/etat-dart-300x169.png\" class=\"attachment-medium size-medium\" alt=\"Nos services - ESCADN est un Bureau d&#039;\u00e9tude. Nous proposons plusieurs services dans l&#039;expertise scientifique, technologique et informatique.\" srcset=\"https:\/\/www.escadn.fr\/wp-content\/uploads\/2023\/02\/etat-dart-300x169.png 300w, https:\/\/www.escadn.fr\/wp-content\/uploads\/2023\/02\/etat-dart-1024x577.png 1024w, https:\/\/www.escadn.fr\/wp-content\/uploads\/2023\/02\/etat-dart-768x433.png 768w, https:\/\/www.escadn.fr\/wp-content\/uploads\/2023\/02\/etat-dart-1536x865.png 1536w, https:\/\/www.escadn.fr\/wp-content\/uploads\/2023\/02\/etat-dart-800x450.png 800w, https:\/\/www.escadn.fr\/wp-content\/uploads\/2023\/02\/etat-dart.png 1640w\" sizes=\"(max-width: 300px) 100vw, 300px\" \/><\/a>\n\t\t\t<\/div><\/figure><figure class='gallery-item'>\n\t\t\t<div class='gallery-icon landscape'>\n\t\t\t\t<a data-elementor-open-lightbox=\"yes\" data-elementor-lightbox-slideshow=\"a49a803\" data-elementor-lightbox-title=\"scientist holding an ancient human skull\" data-e-action-hash=\"#elementor-action%3Aaction%3Dlightbox%26settings%3DeyJpZCI6MjE1LCJ1cmwiOiJodHRwczpcL1wvd3d3LmVzY2Fkbi5mclwvd3AtY29udGVudFwvdXBsb2Fkc1wvMjAyM1wvMDFcL3Bob3RvLWxhYm8tZXNjYWRuLmpwZyIsInNsaWRlc2hvdyI6ImE0OWE4MDMifQ%3D%3D\" href='https:\/\/www.escadn.fr\/wp-content\/uploads\/2023\/01\/photo-labo-escadn.jpg'><img decoding=\"async\" width=\"300\" height=\"225\" src=\"https:\/\/www.escadn.fr\/wp-content\/uploads\/2023\/01\/photo-labo-escadn-300x225.jpg\" class=\"attachment-medium size-medium\" alt=\"\" srcset=\"https:\/\/www.escadn.fr\/wp-content\/uploads\/2023\/01\/photo-labo-escadn-300x225.jpg 300w, https:\/\/www.escadn.fr\/wp-content\/uploads\/2023\/01\/photo-labo-escadn.jpg 400w\" sizes=\"(max-width: 300px) 100vw, 300px\" \/><\/a>\n\t\t\t<\/div><\/figure><figure class='gallery-item'>\n\t\t\t<div class='gallery-icon landscape'>\n\t\t\t\t<a data-elementor-open-lightbox=\"yes\" data-elementor-lightbox-slideshow=\"a49a803\" data-elementor-lightbox-title=\"Trijet airplane landing\" data-e-action-hash=\"#elementor-action%3Aaction%3Dlightbox%26settings%3DeyJpZCI6MjQsInVybCI6Imh0dHBzOlwvXC93d3cuZXNjYWRuLmZyXC93cC1jb250ZW50XC91cGxvYWRzXC8yMDIyXC8xMlwvRm90b2xpYV8zNzg4MzU5Nl9YUy5qcGciLCJzbGlkZXNob3ciOiJhNDlhODAzIn0%3D\" href='https:\/\/www.escadn.fr\/wp-content\/uploads\/2022\/12\/Fotolia_37883596_XS.jpg'><img decoding=\"async\" width=\"300\" height=\"201\" src=\"https:\/\/www.escadn.fr\/wp-content\/uploads\/2022\/12\/Fotolia_37883596_XS-300x201.jpg\" class=\"attachment-medium size-medium\" alt=\"Nos services - ESCADN est un Bureau d&#039;\u00e9tude. Nous proposons plusieurs services dans l&#039;expertise scientifique, technologique et informatique.\" srcset=\"https:\/\/www.escadn.fr\/wp-content\/uploads\/2022\/12\/Fotolia_37883596_XS-300x201.jpg 300w, https:\/\/www.escadn.fr\/wp-content\/uploads\/2022\/12\/Fotolia_37883596_XS.jpg 423w\" sizes=\"(max-width: 300px) 100vw, 300px\" \/><\/a>\n\t\t\t<\/div><\/figure><figure class='gallery-item'>\n\t\t\t<div class='gallery-icon landscape'>\n\t\t\t\t<a data-elementor-open-lightbox=\"yes\" data-elementor-lightbox-slideshow=\"a49a803\" data-elementor-lightbox-title=\"two workers at production line in plant\" data-e-action-hash=\"#elementor-action%3Aaction%3Dlightbox%26settings%3DeyJpZCI6MjAsInVybCI6Imh0dHBzOlwvXC93d3cuZXNjYWRuLmZyXC93cC1jb250ZW50XC91cGxvYWRzXC8yMDIyXC8xMlwvRm90b2xpYV81MjM1Njk5NV9YUy5qcGciLCJzbGlkZXNob3ciOiJhNDlhODAzIn0%3D\" href='https:\/\/www.escadn.fr\/wp-content\/uploads\/2022\/12\/Fotolia_52356995_XS.jpg'><img loading=\"lazy\" decoding=\"async\" width=\"300\" height=\"200\" src=\"https:\/\/www.escadn.fr\/wp-content\/uploads\/2022\/12\/Fotolia_52356995_XS-300x200.jpg\" class=\"attachment-medium size-medium\" alt=\"\" srcset=\"https:\/\/www.escadn.fr\/wp-content\/uploads\/2022\/12\/Fotolia_52356995_XS-300x200.jpg 300w, https:\/\/www.escadn.fr\/wp-content\/uploads\/2022\/12\/Fotolia_52356995_XS.jpg 424w\" sizes=\"(max-width: 300px) 100vw, 300px\" \/><\/a>\n\t\t\t<\/div><\/figure><figure class='gallery-item'>\n\t\t\t<div class='gallery-icon portrait'>\n\t\t\t\t<a data-elementor-open-lightbox=\"yes\" data-elementor-lightbox-slideshow=\"a49a803\" data-elementor-lightbox-title=\"affiche escadn\" data-e-action-hash=\"#elementor-action%3Aaction%3Dlightbox%26settings%3DeyJpZCI6NzI5LCJ1cmwiOiJodHRwczpcL1wvd3d3LmVzY2Fkbi5mclwvd3AtY29udGVudFwvdXBsb2Fkc1wvMjAyM1wvMDJcL2FmZmljaGUtZXNjYWRuLnBuZyIsInNsaWRlc2hvdyI6ImE0OWE4MDMifQ%3D%3D\" href='https:\/\/www.escadn.fr\/wp-content\/uploads\/2023\/02\/affiche-escadn.png'><img loading=\"lazy\" decoding=\"async\" width=\"212\" height=\"300\" src=\"https:\/\/www.escadn.fr\/wp-content\/uploads\/2023\/02\/affiche-escadn-212x300.png\" class=\"attachment-medium size-medium\" alt=\"Nos services - ESCADN est un Bureau d&#039;\u00e9tude. Nous proposons plusieurs services dans l&#039;expertise scientifique, technologique et informatique.\" srcset=\"https:\/\/www.escadn.fr\/wp-content\/uploads\/2023\/02\/affiche-escadn-212x300.png 212w, https:\/\/www.escadn.fr\/wp-content\/uploads\/2023\/02\/affiche-escadn-724x1024.png 724w, https:\/\/www.escadn.fr\/wp-content\/uploads\/2023\/02\/affiche-escadn-768x1086.png 768w, https:\/\/www.escadn.fr\/wp-content\/uploads\/2023\/02\/affiche-escadn-1086x1536.png 1086w, https:\/\/www.escadn.fr\/wp-content\/uploads\/2023\/02\/affiche-escadn-1448x2048.png 1448w, https:\/\/www.escadn.fr\/wp-content\/uploads\/2023\/02\/affiche-escadn.png 1587w\" sizes=\"(max-width: 212px) 100vw, 212px\" \/><\/a>\n\t\t\t<\/div><\/figure><figure class='gallery-item'>\n\t\t\t<div class='gallery-icon landscape'>\n\t\t\t\t<a data-elementor-open-lightbox=\"yes\" data-elementor-lightbox-slideshow=\"a49a803\" data-elementor-lightbox-title=\"Sans titre (4)\" data-e-action-hash=\"#elementor-action%3Aaction%3Dlightbox%26settings%3DeyJpZCI6ODAyLCJ1cmwiOiJodHRwczpcL1wvd3d3LmVzY2Fkbi5mclwvd3AtY29udGVudFwvdXBsb2Fkc1wvMjAyM1wvMDJcL1NhbnMtdGl0cmUtNC5wbmciLCJzbGlkZXNob3ciOiJhNDlhODAzIn0%3D\" href='https:\/\/www.escadn.fr\/wp-content\/uploads\/2023\/02\/Sans-titre-4.png'><img loading=\"lazy\" decoding=\"async\" width=\"300\" height=\"300\" src=\"https:\/\/www.escadn.fr\/wp-content\/uploads\/2023\/02\/Sans-titre-4-300x300.png\" class=\"attachment-medium size-medium\" alt=\"Expertise scientifique -Vous cherchez \u00e0 innover pour produire un nouveau produit ayant des caract\u00e9ristiques recherch\u00e9es\" srcset=\"https:\/\/www.escadn.fr\/wp-content\/uploads\/2023\/02\/Sans-titre-4-300x300.png 300w, https:\/\/www.escadn.fr\/wp-content\/uploads\/2023\/02\/Sans-titre-4-150x150.png 150w, https:\/\/www.escadn.fr\/wp-content\/uploads\/2023\/02\/Sans-titre-4.png 500w\" sizes=\"(max-width: 300px) 100vw, 300px\" \/><\/a>\n\t\t\t<\/div><\/figure><figure class='gallery-item'>\n\t\t\t<div class='gallery-icon landscape'>\n\t\t\t\t<a data-elementor-open-lightbox=\"yes\" data-elementor-lightbox-slideshow=\"a49a803\" data-elementor-lightbox-title=\"Sans titre (5)\" data-e-action-hash=\"#elementor-action%3Aaction%3Dlightbox%26settings%3DeyJpZCI6ODAzLCJ1cmwiOiJodHRwczpcL1wvd3d3LmVzY2Fkbi5mclwvd3AtY29udGVudFwvdXBsb2Fkc1wvMjAyM1wvMDJcL1NhbnMtdGl0cmUtNS5wbmciLCJzbGlkZXNob3ciOiJhNDlhODAzIn0%3D\" href='https:\/\/www.escadn.fr\/wp-content\/uploads\/2023\/02\/Sans-titre-5.png'><img loading=\"lazy\" decoding=\"async\" width=\"300\" height=\"300\" src=\"https:\/\/www.escadn.fr\/wp-content\/uploads\/2023\/02\/Sans-titre-5-300x300.png\" class=\"attachment-medium size-medium\" alt=\"Expertise scientifique -Vous cherchez \u00e0 innover pour produire un nouveau produit ayant des caract\u00e9ristiques recherch\u00e9es\" srcset=\"https:\/\/www.escadn.fr\/wp-content\/uploads\/2023\/02\/Sans-titre-5-300x300.png 300w, https:\/\/www.escadn.fr\/wp-content\/uploads\/2023\/02\/Sans-titre-5-150x150.png 150w, https:\/\/www.escadn.fr\/wp-content\/uploads\/2023\/02\/Sans-titre-5.png 500w\" sizes=\"(max-width: 300px) 100vw, 300px\" \/><\/a>\n\t\t\t<\/div><\/figure><figure class='gallery-item'>\n\t\t\t<div class='gallery-icon landscape'>\n\t\t\t\t<a data-elementor-open-lightbox=\"yes\" data-elementor-lightbox-slideshow=\"a49a803\" data-elementor-lightbox-title=\"Sans titre (2)\" data-e-action-hash=\"#elementor-action%3Aaction%3Dlightbox%26settings%3DeyJpZCI6ODA0LCJ1cmwiOiJodHRwczpcL1wvd3d3LmVzY2Fkbi5mclwvd3AtY29udGVudFwvdXBsb2Fkc1wvMjAyM1wvMDJcL1NhbnMtdGl0cmUtMi5wbmciLCJzbGlkZXNob3ciOiJhNDlhODAzIn0%3D\" href='https:\/\/www.escadn.fr\/wp-content\/uploads\/2023\/02\/Sans-titre-2.png'><img loading=\"lazy\" decoding=\"async\" width=\"300\" height=\"300\" src=\"https:\/\/www.escadn.fr\/wp-content\/uploads\/2023\/02\/Sans-titre-2-300x300.png\" class=\"attachment-medium size-medium\" alt=\"Nos services - ESCADN est un Bureau d&#039;\u00e9tude. Nous proposons plusieurs services dans l&#039;expertise scientifique, technologique et informatique.\" srcset=\"https:\/\/www.escadn.fr\/wp-content\/uploads\/2023\/02\/Sans-titre-2-300x300.png 300w, https:\/\/www.escadn.fr\/wp-content\/uploads\/2023\/02\/Sans-titre-2-150x150.png 150w, https:\/\/www.escadn.fr\/wp-content\/uploads\/2023\/02\/Sans-titre-2.png 500w\" sizes=\"(max-width: 300px) 100vw, 300px\" \/><\/a>\n\t\t\t<\/div><\/figure>\n\t\t<\/div>\n\t\t<\/div>\n\t\t\t\t\t\t<\/div>\n\t\t\t\t<\/div>\n\t\t\t\t\t<\/div>\n\t\t<\/div>\n\t\t\t\t\t<\/div>\n\t\t<\/section>\n\t\t\t\t<section class=\"elementor-section elementor-top-section elementor-element elementor-element-c1dbfec elementor-section-boxed elementor-section-height-default elementor-section-height-default\" data-id=\"c1dbfec\" data-element_type=\"section\" data-e-type=\"section\">\n\t\t\t\t\t\t<div class=\"elementor-container elementor-column-gap-default\">\n\t\t\t\t\t<div class=\"elementor-column elementor-col-100 elementor-top-column elementor-element elementor-element-cfc157a\" data-id=\"cfc157a\" data-element_type=\"column\" data-e-type=\"column\">\n\t\t\t<div class=\"elementor-widget-wrap elementor-element-populated\">\n\t\t\t\t\t\t<div class=\"elementor-element elementor-element-1b74e03 elementor-list-item-link-inline elementor-align-center elementor-icon-list--layout-traditional elementor-widget elementor-widget-icon-list\" data-id=\"1b74e03\" data-element_type=\"widget\" data-e-type=\"widget\" data-widget_type=\"icon-list.default\">\n\t\t\t\t<div class=\"elementor-widget-container\">\n\t\t\t\t\t\t\t<ul class=\"elementor-icon-list-items\">\n\t\t\t\t\t\t\t<li class=\"elementor-icon-list-item\">\n\t\t\t\t\t\t\t\t\t\t\t<span class=\"elementor-icon-list-icon\">\n\t\t\t\t\t\t\t<i aria-hidden=\"true\" class=\"fas fa-check\"><\/i>\t\t\t\t\t\t<\/span>\n\t\t\t\t\t\t\t\t\t\t<span class=\"elementor-icon-list-text\">Expertise scientifique<\/span>\n\t\t\t\t\t\t\t\t\t<\/li>\n\t\t\t\t\t\t\t\t<li class=\"elementor-icon-list-item\">\n\t\t\t\t\t\t\t\t\t\t\t<span class=\"elementor-icon-list-icon\">\n\t\t\t\t\t\t\t<i aria-hidden=\"true\" class=\"fas fa-check\"><\/i>\t\t\t\t\t\t<\/span>\n\t\t\t\t\t\t\t\t\t\t<span class=\"elementor-icon-list-text\">Innovation technologique et informatique<\/span>\n\t\t\t\t\t\t\t\t\t<\/li>\n\t\t\t\t\t\t\t\t<li class=\"elementor-icon-list-item\">\n\t\t\t\t\t\t\t\t\t\t\t<span class=\"elementor-icon-list-icon\">\n\t\t\t\t\t\t\t<i aria-hidden=\"true\" class=\"fas fa-check\"><\/i>\t\t\t\t\t\t<\/span>\n\t\t\t\t\t\t\t\t\t\t<span class=\"elementor-icon-list-text\">\u00c9tat de l'art<\/span>\n\t\t\t\t\t\t\t\t\t<\/li>\n\t\t\t\t\t\t\t\t<li class=\"elementor-icon-list-item\">\n\t\t\t\t\t\t\t\t\t\t\t<span class=\"elementor-icon-list-icon\">\n\t\t\t\t\t\t\t<i aria-hidden=\"true\" class=\"fas fa-check\"><\/i>\t\t\t\t\t\t<\/span>\n\t\t\t\t\t\t\t\t\t\t<span class=\"elementor-icon-list-text\">Accompagnement et conseil<\/span>\n\t\t\t\t\t\t\t\t\t<\/li>\n\t\t\t\t\t\t\t\t<li class=\"elementor-icon-list-item\">\n\t\t\t\t\t\t\t\t\t\t\t<span class=\"elementor-icon-list-icon\">\n\t\t\t\t\t\t\t<i aria-hidden=\"true\" class=\"fas fa-check\"><\/i>\t\t\t\t\t\t<\/span>\n\t\t\t\t\t\t\t\t\t\t<span class=\"elementor-icon-list-text\">\u00c9tude de faisabilit\u00e9<\/span>\n\t\t\t\t\t\t\t\t\t<\/li>\n\t\t\t\t\t\t<\/ul>\n\t\t\t\t\t\t<\/div>\n\t\t\t\t<\/div>\n\t\t\t\t\t<\/div>\n\t\t<\/div>\n\t\t\t\t\t<\/div>\n\t\t<\/section>\n\t\t\t\t<\/div>\n\t\t","protected":false},"excerpt":{"rendered":"<p>ESCADN\u00a0 vous offre des services dans le domaine de la science, la technologie et l&rsquo;informatique.\u00a0 Expertise scientifique Innovation technologique et informatique \u00c9tat de l&rsquo;art Accompagnement et conseil \u00c9tude de faisabilit\u00e9<\/p>\n","protected":false},"author":1,"featured_media":0,"parent":0,"menu_order":0,"comment_status":"closed","ping_status":"closed","template":"","meta":{"content-type":"","om_disable_all_campaigns":false,"_monsterinsights_skip_tracking":false,"_monsterinsights_sitenote_active":false,"_monsterinsights_sitenote_note":"","_monsterinsights_sitenote_category":0,"_uf_show_specific_survey":0,"_uf_disable_surveys":false,"ocean_post_layout":"","ocean_both_sidebars_style":"","ocean_both_sidebars_content_width":0,"ocean_both_sidebars_sidebars_width":0,"ocean_sidebar":"0","ocean_second_sidebar":"0","ocean_disable_margins":"enable","ocean_add_body_class":"","ocean_shortcode_before_top_bar":"","ocean_shortcode_after_top_bar":"","ocean_shortcode_before_header":"","ocean_shortcode_after_header":"","ocean_has_shortcode":"","ocean_shortcode_after_title":"","ocean_shortcode_before_footer_widgets":"","ocean_shortcode_after_footer_widgets":"","ocean_shortcode_before_footer_bottom":"","ocean_shortcode_after_footer_bottom":"","ocean_display_top_bar":"default","ocean_display_header":"default","ocean_header_style":"","ocean_center_header_left_menu":"0","ocean_custom_header_template":"0","ocean_custom_logo":0,"ocean_custom_retina_logo":0,"ocean_custom_logo_max_width":0,"ocean_custom_logo_tablet_max_width":0,"ocean_custom_logo_mobile_max_width":0,"ocean_custom_logo_max_height":0,"ocean_custom_logo_tablet_max_height":0,"ocean_custom_logo_mobile_max_height":0,"ocean_header_custom_menu":"0","ocean_menu_typo_font_family":"0","ocean_menu_typo_font_subset":"","ocean_menu_typo_font_size":0,"ocean_menu_typo_font_size_tablet":0,"ocean_menu_typo_font_size_mobile":0,"ocean_menu_typo_font_size_unit":"px","ocean_menu_typo_font_weight":"","ocean_menu_typo_font_weight_tablet":"","ocean_menu_typo_font_weight_mobile":"","ocean_menu_typo_transform":"","ocean_menu_typo_transform_tablet":"","ocean_menu_typo_transform_mobile":"","ocean_menu_typo_line_height":0,"ocean_menu_typo_line_height_tablet":0,"ocean_menu_typo_line_height_mobile":0,"ocean_menu_typo_line_height_unit":"","ocean_menu_typo_spacing":0,"ocean_menu_typo_spacing_tablet":0,"ocean_menu_typo_spacing_mobile":0,"ocean_menu_typo_spacing_unit":"","ocean_menu_link_color":"","ocean_menu_link_color_hover":"","ocean_menu_link_color_active":"","ocean_menu_link_background":"","ocean_menu_link_hover_background":"","ocean_menu_link_active_background":"","ocean_menu_social_links_bg":"","ocean_menu_social_hover_links_bg":"","ocean_menu_social_links_color":"","ocean_menu_social_hover_links_color":"","ocean_disable_title":"default","ocean_disable_heading":"default","ocean_post_title":"","ocean_post_subheading":"","ocean_post_title_style":"","ocean_post_title_background_color":"","ocean_post_title_background":0,"ocean_post_title_bg_image_position":"","ocean_post_title_bg_image_attachment":"","ocean_post_title_bg_image_repeat":"","ocean_post_title_bg_image_size":"","ocean_post_title_height":0,"ocean_post_title_bg_overlay":0.5,"ocean_post_title_bg_overlay_color":"","ocean_disable_breadcrumbs":"default","ocean_breadcrumbs_color":"","ocean_breadcrumbs_separator_color":"","ocean_breadcrumbs_links_color":"","ocean_breadcrumbs_links_hover_color":"","ocean_display_footer_widgets":"default","ocean_display_footer_bottom":"default","ocean_custom_footer_template":"0","footnotes":""},"class_list":["post-195","page","type-page","status-publish","hentry","entry"],"aioseo_notices":[],"yoast_head":"<!-- This site is optimized with the Yoast SEO plugin v21.9.1 - https:\/\/yoast.com\/wordpress\/plugins\/seo\/ -->\n<title>Nos services - Bureau d&#039;\u00e9tude ESCADN<\/title>\n<meta name=\"description\" content=\"Nos services - ESCADN est un Bureau d&#039;\u00e9tude. Nous proposons plusieurs services dans l&#039;expertise scientifique, technologique et informatique.\" \/>\n<meta name=\"robots\" content=\"index, follow, max-snippet:-1, max-image-preview:large, max-video-preview:-1\" \/>\n<link rel=\"canonical\" href=\"https:\/\/www.escadn.fr\/?page_id=195\" \/>\n<meta property=\"og:locale\" content=\"fr_FR\" \/>\n<meta property=\"og:type\" content=\"article\" \/>\n<meta property=\"og:title\" content=\"Nos services - Bureau d&#039;\u00e9tude ESCADN\" \/>\n<meta property=\"og:description\" content=\"Nos services - ESCADN est un Bureau d&#039;\u00e9tude. Nous proposons plusieurs services dans l&#039;expertise scientifique, technologique et informatique.\" \/>\n<meta property=\"og:url\" content=\"https:\/\/www.escadn.fr\/?page_id=195\" \/>\n<meta property=\"og:site_name\" content=\"Bureau d&#039;\u00e9tude ESCADN\" \/>\n<meta property=\"article:modified_time\" content=\"2025-05-16T13:11:57+00:00\" \/>\n<meta property=\"og:image\" content=\"https:\/\/www.escadn.fr\/wp-content\/uploads\/2023\/02\/etat-dart-300x169.png\" \/>\n<meta name=\"twitter:card\" content=\"summary_large_image\" \/>\n<meta name=\"twitter:label1\" content=\"Dur\u00e9e de lecture estim\u00e9e\" \/>\n\t<meta name=\"twitter:data1\" content=\"2 minutes\" \/>\n<script type=\"application\/ld+json\" class=\"yoast-schema-graph\">{\"@context\":\"https:\/\/schema.org\",\"@graph\":[{\"@type\":\"WebPage\",\"@id\":\"https:\/\/www.escadn.fr\/?page_id=195\",\"url\":\"https:\/\/www.escadn.fr\/?page_id=195\",\"name\":\"Nos services - Bureau d&#039;\u00e9tude ESCADN\",\"isPartOf\":{\"@id\":\"https:\/\/www.escadn.fr\/#website\"},\"datePublished\":\"2023-01-25T09:58:59+00:00\",\"dateModified\":\"2025-05-16T13:11:57+00:00\",\"description\":\"Nos services - ESCADN est un Bureau d'\u00e9tude. Nous proposons plusieurs services dans l'expertise scientifique, technologique et informatique.\",\"breadcrumb\":{\"@id\":\"https:\/\/www.escadn.fr\/?page_id=195#breadcrumb\"},\"inLanguage\":\"fr-FR\",\"potentialAction\":[{\"@type\":\"ReadAction\",\"target\":[\"https:\/\/www.escadn.fr\/?page_id=195\"]}]},{\"@type\":\"BreadcrumbList\",\"@id\":\"https:\/\/www.escadn.fr\/?page_id=195#breadcrumb\",\"itemListElement\":[{\"@type\":\"ListItem\",\"position\":1,\"name\":\"Accueil\",\"item\":\"https:\/\/www.escadn.fr\/\"},{\"@type\":\"ListItem\",\"position\":2,\"name\":\"Nos services\"}]},{\"@type\":\"WebSite\",\"@id\":\"https:\/\/www.escadn.fr\/#website\",\"url\":\"https:\/\/www.escadn.fr\/\",\"name\":\"Bureau d'\u00e9tude ESCADN\",\"description\":\"Confiez-nous votre projet\",\"publisher\":{\"@id\":\"https:\/\/www.escadn.fr\/#organization\"},\"potentialAction\":[{\"@type\":\"SearchAction\",\"target\":{\"@type\":\"EntryPoint\",\"urlTemplate\":\"https:\/\/www.escadn.fr\/?s={search_term_string}\"},\"query-input\":\"required name=search_term_string\"}],\"inLanguage\":\"fr-FR\"},{\"@type\":\"Organization\",\"@id\":\"https:\/\/www.escadn.fr\/#organization\",\"name\":\"Bureau d'\u00e9tude ESCADN\",\"url\":\"https:\/\/www.escadn.fr\/\",\"logo\":{\"@type\":\"ImageObject\",\"inLanguage\":\"fr-FR\",\"@id\":\"https:\/\/www.escadn.fr\/#\/schema\/logo\/image\/\",\"url\":\"https:\/\/www.escadn.fr\/wp-content\/uploads\/2023\/01\/cropped-cropped-logo-final-1-1-1.jpg\",\"contentUrl\":\"https:\/\/www.escadn.fr\/wp-content\/uploads\/2023\/01\/cropped-cropped-logo-final-1-1-1.jpg\",\"width\":512,\"height\":512,\"caption\":\"Bureau d'\u00e9tude ESCADN\"},\"image\":{\"@id\":\"https:\/\/www.escadn.fr\/#\/schema\/logo\/image\/\"},\"sameAs\":[\"https:\/\/www.linkedin.com\/company\/escadn\/\"]}]}<\/script>\n<!-- \/ Yoast SEO plugin. -->","yoast_head_json":{"title":"Nos services - Bureau d&#039;\u00e9tude ESCADN","description":"Nos services - ESCADN est un Bureau d'\u00e9tude. Nous proposons plusieurs services dans l'expertise scientifique, technologique et informatique.","robots":{"index":"index","follow":"follow","max-snippet":"max-snippet:-1","max-image-preview":"max-image-preview:large","max-video-preview":"max-video-preview:-1"},"canonical":"https:\/\/www.escadn.fr\/?page_id=195","og_locale":"fr_FR","og_type":"article","og_title":"Nos services - Bureau d&#039;\u00e9tude ESCADN","og_description":"Nos services - ESCADN est un Bureau d'\u00e9tude. Nous proposons plusieurs services dans l'expertise scientifique, technologique et informatique.","og_url":"https:\/\/www.escadn.fr\/?page_id=195","og_site_name":"Bureau d&#039;\u00e9tude ESCADN","article_modified_time":"2025-05-16T13:11:57+00:00","og_image":[{"url":"https:\/\/www.escadn.fr\/wp-content\/uploads\/2023\/02\/etat-dart-300x169.png"}],"twitter_card":"summary_large_image","twitter_misc":{"Dur\u00e9e de lecture estim\u00e9e":"2 minutes"},"schema":{"@context":"https:\/\/schema.org","@graph":[{"@type":"WebPage","@id":"https:\/\/www.escadn.fr\/?page_id=195","url":"https:\/\/www.escadn.fr\/?page_id=195","name":"Nos services - Bureau d&#039;\u00e9tude ESCADN","isPartOf":{"@id":"https:\/\/www.escadn.fr\/#website"},"datePublished":"2023-01-25T09:58:59+00:00","dateModified":"2025-05-16T13:11:57+00:00","description":"Nos services - ESCADN est un Bureau d'\u00e9tude. Nous proposons plusieurs services dans l'expertise scientifique, technologique et informatique.","breadcrumb":{"@id":"https:\/\/www.escadn.fr\/?page_id=195#breadcrumb"},"inLanguage":"fr-FR","potentialAction":[{"@type":"ReadAction","target":["https:\/\/www.escadn.fr\/?page_id=195"]}]},{"@type":"BreadcrumbList","@id":"https:\/\/www.escadn.fr\/?page_id=195#breadcrumb","itemListElement":[{"@type":"ListItem","position":1,"name":"Accueil","item":"https:\/\/www.escadn.fr\/"},{"@type":"ListItem","position":2,"name":"Nos services"}]},{"@type":"WebSite","@id":"https:\/\/www.escadn.fr\/#website","url":"https:\/\/www.escadn.fr\/","name":"Bureau d'\u00e9tude ESCADN","description":"Confiez-nous votre projet","publisher":{"@id":"https:\/\/www.escadn.fr\/#organization"},"potentialAction":[{"@type":"SearchAction","target":{"@type":"EntryPoint","urlTemplate":"https:\/\/www.escadn.fr\/?s={search_term_string}"},"query-input":"required name=search_term_string"}],"inLanguage":"fr-FR"},{"@type":"Organization","@id":"https:\/\/www.escadn.fr\/#organization","name":"Bureau d'\u00e9tude ESCADN","url":"https:\/\/www.escadn.fr\/","logo":{"@type":"ImageObject","inLanguage":"fr-FR","@id":"https:\/\/www.escadn.fr\/#\/schema\/logo\/image\/","url":"https:\/\/www.escadn.fr\/wp-content\/uploads\/2023\/01\/cropped-cropped-logo-final-1-1-1.jpg","contentUrl":"https:\/\/www.escadn.fr\/wp-content\/uploads\/2023\/01\/cropped-cropped-logo-final-1-1-1.jpg","width":512,"height":512,"caption":"Bureau d'\u00e9tude ESCADN"},"image":{"@id":"https:\/\/www.escadn.fr\/#\/schema\/logo\/image\/"},"sameAs":["https:\/\/www.linkedin.com\/company\/escadn\/"]}]}},"_links":{"self":[{"href":"https:\/\/www.escadn.fr\/index.php?rest_route=\/wp\/v2\/pages\/195","targetHints":{"allow":["GET"]}}],"collection":[{"href":"https:\/\/www.escadn.fr\/index.php?rest_route=\/wp\/v2\/pages"}],"about":[{"href":"https:\/\/www.escadn.fr\/index.php?rest_route=\/wp\/v2\/types\/page"}],"author":[{"embeddable":true,"href":"https:\/\/www.escadn.fr\/index.php?rest_route=\/wp\/v2\/users\/1"}],"replies":[{"embeddable":true,"href":"https:\/\/www.escadn.fr\/index.php?rest_route=%2Fwp%2Fv2%2Fcomments&post=195"}],"version-history":[{"count":50,"href":"https:\/\/www.escadn.fr\/index.php?rest_route=\/wp\/v2\/pages\/195\/revisions"}],"predecessor-version":[{"id":2751,"href":"https:\/\/www.escadn.fr\/index.php?rest_route=\/wp\/v2\/pages\/195\/revisions\/2751"}],"wp:attachment":[{"href":"https:\/\/www.escadn.fr\/index.php?rest_route=%2Fwp%2Fv2%2Fmedia&parent=195"}],"curies":[{"name":"wp","href":"https:\/\/api.w.org\/{rel}","templated":true}]}}