{"id":2063,"date":"2023-05-15T13:11:15","date_gmt":"2023-05-15T11:11:15","guid":{"rendered":"http:\/\/www.escadn.fr\/?page_id=2063"},"modified":"2024-12-26T16:15:42","modified_gmt":"2024-12-26T15:15:42","slug":"deposez-vos-offres-de-missions","status":"publish","type":"page","link":"https:\/\/www.escadn.fr\/?page_id=2063","title":{"rendered":"D\u00e9posez vos offres de missions"},"content":{"rendered":"\t\t<div data-elementor-type=\"wp-page\" data-elementor-id=\"2063\" class=\"elementor elementor-2063\">\n\t\t\t\t\t\t<section class=\"elementor-section elementor-top-section elementor-element elementor-element-8d0bad8 elementor-section-stretched elementor-section-boxed elementor-section-height-default elementor-section-height-default\" data-id=\"8d0bad8\" data-element_type=\"section\" data-e-type=\"section\" data-settings=\"{&quot;stretch_section&quot;:&quot;section-stretched&quot;,&quot;background_background&quot;:&quot;classic&quot;}\">\n\t\t\t\t\t\t<div class=\"elementor-container elementor-column-gap-default\">\n\t\t\t\t\t<div class=\"elementor-column elementor-col-100 elementor-top-column elementor-element elementor-element-677fb2a9\" data-id=\"677fb2a9\" data-element_type=\"column\" data-e-type=\"column\">\n\t\t\t<div class=\"elementor-widget-wrap elementor-element-populated\">\n\t\t\t\t\t\t<div class=\"elementor-element elementor-element-2c4ed892 elementor-widget elementor-widget-text-editor\" data-id=\"2c4ed892\" data-element_type=\"widget\" data-e-type=\"widget\" data-widget_type=\"text-editor.default\">\n\t\t\t\t<div class=\"elementor-widget-container\">\n\t\t\t\t\t\t\t\t\t\n<p><\/p>\n\n\n<form action=\"\/index.php?rest_route=wpv2pages2063\" method=\"post\" id=\"submit-job-form\" class=\"job-manager-form\" enctype=\"multipart\/form-data\">\n<fieldset class=\"fieldset-login_required\">\n\t\t<label>Avez-vous d\u00e9j\u00e0 un compte\u00a0?<\/label><\/p>\n<div class=\"field account-sign-in\">\n\t\t\t<a class=\"button\" href=\"https:\/\/www.escadn.fr\/wp-login.php?redirect_to=https%3A%2F%2Fwww.escadn.fr%2F%3Fpage_id%3D2063\">Se connecter<\/a><\/p>\n<p>\t\t\t\tSi vous n\u2019avez pas encore de compte vous pouvez en cr\u00e9er un ci-dessous en saisissant votre adresse e-mail ou identifiant.\t\t\t\t\t\t\t\t\tLes d\u00e9tails de votre compte seront confirm\u00e9s par e-mail.\n\t\t\t\t\t<\/p><\/div>\n<\/fieldset>\n<fieldset class=\"fieldset-create_account_email\">\n\t\t\t\t<label\n\t\t\t\t\tfor=\"create_account_email\">Votre adresse e-mail<\/label><\/p>\n<div class=\"field required-field draft-required\">\n\t\t\t\t\t<input type=\"text\" class=\"input-text\" name=\"create_account_email\" id=\"create_account_email\" placeholder=\"you@yourdomain.com\" value=\"\" maxlength=\"\" required \/>\n\t\t\t\t<\/div>\n<\/fieldset>\n<p>\t\t<!-- Job Information Fields --><\/p>\n<fieldset class=\"fieldset-job_title fieldset-type-text\">\n\t\t\t\t<label for=\"job_title\">Nom de l\u2019offre d\u2019emploi<\/label><\/p>\n<div class=\"field required-field\">\n\t\t\t\t\t<input type=\"text\" class=\"input-text\" name=\"job_title\" id=\"job_title\" placeholder=\"\" value=\"\" maxlength=\"\" required \/>\n\t\t\t\t<\/div>\n<\/fieldset>\n<fieldset class=\"fieldset-job_location fieldset-type-text\">\n\t\t\t\t<label for=\"job_location\">Localisation <small>(optionnel)<\/small><\/label><\/p>\n<div class=\"field \">\n\t\t\t\t\t<input type=\"text\" class=\"input-text\" name=\"job_location\" id=\"job_location\" placeholder=\"Par exemple \u00ab\u00a0Paris\u00a0\u00bb\" value=\"\" maxlength=\"\"  \/><br \/>\n<small class=\"description\">Laissez vide si l\u2019offre peut \u00eatre pourvue depuis n\u2019importe o\u00f9 (ex\u00a0: t\u00e9l\u00e9travail)<\/small>\t\t\t\t<\/div>\n<\/fieldset>\n<fieldset class=\"fieldset-remote_position fieldset-type-checkbox\">\n\t\t\t\t<label for=\"remote_position\">Emploi en distanciel <small>(optionnel)<\/small><\/label><\/p>\n<div class=\"field \">\n\t\t\t\t\t<input type=\"checkbox\" class=\"input-checkbox\" name=\"remote_position\" id=\"remote_position\"  value=\"1\"  \/><br \/>\n<small class=\"description\">S\u00e9lectionnez ceci si le poste est en distanciel.<\/small>\t\t\t\t<\/div>\n<\/fieldset>\n<fieldset class=\"fieldset-job_type fieldset-type-term-multiselect\">\n\t\t\t\t<label for=\"job_type\">Type d\u2019offre d\u2019emploi<\/label><\/p>\n<div class=\"field required-field\">\n\t\t\t\t\t<select name='job_type[]' id='job_type' class='job-manager-category-dropdown ' multiple='multiple' data-placeholder='Choisir le type d\u2019offre d\u2019emploi&hellip;' data-no_results_text='Aucun r\u00e9sultat' data-multiple_text='Choisir une option'><option class=\"level-0\" value=\"39\">Freelance<\/option><option class=\"level-0\" value=\"36\" selected=\"selected\">Full Time<\/option><option class=\"level-0\" value=\"40\">Internship<\/option><option class=\"level-0\" value=\"37\">Part Time<\/option><option class=\"level-0\" value=\"38\">Temporary<\/option><\/select>\n\t\t\t\t<\/div>\n<\/fieldset>\n<fieldset class=\"fieldset-job_description fieldset-type-wp-editor\">\n\t\t\t\t<label for=\"job_description\">Description<\/label><\/p>\n<div class=\"field required-field\">\n<div id=\"wp-job_description-wrap\" class=\"wp-core-ui wp-editor-wrap tmce-active\"><link rel='stylesheet' id='dashicons-css' href='https:\/\/www.escadn.fr\/wp-includes\/css\/dashicons.min.css?ver=6.9.4' media='all' \/>\n<link rel='stylesheet' id='editor-buttons-css' href='https:\/\/www.escadn.fr\/wp-includes\/css\/editor.min.css?ver=6.9.4' media='all' \/>\n<style> .mce-top-part button { background-color: rgba(0,0,0,0.0) !important; } <\/style>\n<div id=\"wp-job_description-editor-container\" class=\"wp-editor-container\"><textarea class=\"wp-editor-area\" rows=\"8\" autocomplete=\"off\" cols=\"40\" name=\"job_description\" id=\"job_description\"><\/textarea><\/div>\n<\/div><\/div>\n<\/fieldset>\n<fieldset class=\"fieldset-application fieldset-type-text\">\n\t\t\t\t<label for=\"application\">Email\/URL de candidature<\/label><\/p>\n<div class=\"field required-field\">\n\t\t\t\t\t<input type=\"text\" class=\"input-text\" name=\"application\" id=\"application\" placeholder=\"Saisir une adresse courriel ou une URL de site\" value=\"\" maxlength=\"\" required \/>\n\t\t\t\t<\/div>\n<\/fieldset>\n<fieldset class=\"fieldset-job_salary fieldset-type-text\">\n\t\t\t\t<label for=\"job_salary\">Salaire <small>(optionnel)<\/small><\/label><\/p>\n<div class=\"field \">\n\t\t\t\t\t<input type=\"text\" class=\"input-text\" name=\"job_salary\" id=\"job_salary\" placeholder=\"e.g. 20000\" value=\"\" maxlength=\"\"  \/>\n\t\t\t\t<\/div>\n<\/fieldset>\n<fieldset class=\"fieldset-job_salary_currency fieldset-type-text\">\n\t\t\t\t<label for=\"job_salary_currency\">Devise du salaire <small>(optionnel)<\/small><\/label><\/p>\n<div class=\"field \">\n\t\t\t\t\t<input type=\"text\" class=\"input-text\" name=\"job_salary_currency\" id=\"job_salary_currency\" placeholder=\"par exemple, EUR\" value=\"\" maxlength=\"\"  \/><br \/>\n<small class=\"description\">Ajoute une devise de salaire, ce champ est facultatif. Laissez-le vide pour utiliser la devise du salaire par d\u00e9faut.<\/small>\t\t\t\t<\/div>\n<\/fieldset>\n<fieldset class=\"fieldset-job_salary_unit fieldset-type-select\">\n\t\t\t\t<label for=\"job_salary_unit\">Unit\u00e9 de salaire <small>(optionnel)<\/small><\/label><\/p>\n<div class=\"field \">\n\t\t\t\t\t<select name=\"job_salary_unit\" id=\"job_salary_unit\"  autocomplete=\"off\"><option value=\"\" >&#8212;<\/option><option value=\"YEAR\" >Ann\u00e9e<\/option><option value=\"MONTH\" >Mois<\/option><option value=\"WEEK\" >Semaine<\/option><option value=\"DAY\" >Jour<\/option><option value=\"HOUR\" >Heure<\/option><\/select><br \/>\n<small class=\"description\">Add a salary period unit, this field is optional. Leave it empty to use the default salary unit, if one is defined.<\/small>\t\t\t\t<\/div>\n<\/fieldset>\n<p>\t\t<!-- Company Information Fields --><\/p>\n<h2>D\u00e9tail de l\u2019entreprise\/organisation<\/h2>\n<fieldset class=\"fieldset-company_name fieldset-type-text\">\n\t\t\t\t\t<label for=\"company_name\">Nom de l\u2019entreprise<\/label><\/p>\n<div class=\"field required-field\">\n\t\t\t\t\t\t<input type=\"text\" class=\"input-text\" name=\"company_name\" id=\"company_name\" placeholder=\"Saisir le nom de l\u2019entreprise\" value=\"\" maxlength=\"\" required \/>\n\t\t\t\t\t<\/div>\n<\/fieldset>\n<fieldset class=\"fieldset-company_website fieldset-type-text\">\n\t\t\t\t\t<label for=\"company_website\">Site <small>(optionnel)<\/small><\/label><\/p>\n<div class=\"field \">\n\t\t\t\t\t\t<input type=\"text\" class=\"input-text\" name=\"company_website\" id=\"company_website\" placeholder=\"http:\/\/\" value=\"\" maxlength=\"\"  \/>\n\t\t\t\t\t<\/div>\n<\/fieldset>\n<fieldset class=\"fieldset-company_tagline fieldset-type-text\">\n\t\t\t\t\t<label for=\"company_tagline\">Slogan <small>(optionnel)<\/small><\/label><\/p>\n<div class=\"field \">\n\t\t\t\t\t\t<input type=\"text\" class=\"input-text\" name=\"company_tagline\" id=\"company_tagline\" placeholder=\"D\u00e9crire rapidement l\u2019entreprise\" value=\"\" maxlength=\"64\"  \/>\n\t\t\t\t\t<\/div>\n<\/fieldset>\n<fieldset class=\"fieldset-company_video fieldset-type-text\">\n\t\t\t\t\t<label for=\"company_video\">Vid\u00e9o <small>(optionnel)<\/small><\/label><\/p>\n<div class=\"field \">\n\t\t\t\t\t\t<input type=\"text\" class=\"input-text\" name=\"company_video\" id=\"company_video\" placeholder=\"Lien vers une vid\u00e9o pr\u00e9sentant votre soci\u00e9t\u00e9\" value=\"\" maxlength=\"\"  \/>\n\t\t\t\t\t<\/div>\n<\/fieldset>\n<fieldset class=\"fieldset-company_twitter fieldset-type-text\">\n\t\t\t\t\t<label for=\"company_twitter\">Compte Twitter <small>(optionnel)<\/small><\/label><\/p>\n<div class=\"field \">\n\t\t\t\t\t\t<input type=\"text\" class=\"input-text\" name=\"company_twitter\" id=\"company_twitter\" placeholder=\"@votreentreprise\" value=\"\" maxlength=\"\"  \/>\n\t\t\t\t\t<\/div>\n<\/fieldset>\n<fieldset class=\"fieldset-company_logo fieldset-type-file\">\n\t\t\t\t\t<label for=\"company_logo\">Logo <small>(optionnel)<\/small><\/label><\/p>\n<div class=\"field \">\n<div class=\"job-manager-uploaded-files\">\n\t<\/div>\n<p><input\n\ttype=\"file\"\n\tclass=\"input-text\"\n\tdata-file_types=\"jpg|jpeg|gif|png\"\n\t\t\t\t\tname=\"company_logo\"\n\tid=\"company_logo\"\n\tplaceholder=\"\"\n\/><br \/>\n<small class=\"description\"><br \/>\n\t\t\tTaille maximale du fichier\u00a0: 128 Mo.\t<\/small>\n\t\t\t\t\t<\/div>\n<\/fieldset>\n<fieldset class=\"fieldset-agreement-checkbox \">\n<div class=\"field full-line-checkbox-field required-field\">\n\t\t<input type=\"checkbox\" class=\"input-checkbox\" name=\"agreement-checkbox\" id=\"agreement-checkbox\"  value=\"1\"  required \/><br \/>\n\t\t<label for=\"agreement-checkbox\">J\u2019accepte les Conditions g\u00e9n\u00e9rales d\u2019utilisation.<\/label>\n\t\t\t<\/div>\n<\/fieldset>\n<p>\n\t\t\t<input type=\"hidden\" name=\"job_manager_form\" value=\"submit-job\" \/><br \/>\n\t\t\t<input type=\"hidden\" name=\"job_id\" value=\"0\" \/><br \/>\n\t\t\t<input type=\"hidden\" name=\"step\" value=\"0\" \/><br \/>\n\t\t\t<input type=\"submit\" name=\"submit_job\" class=\"button\"\n    \t\t value=\"Pr\u00e9visualiser\" \/><br \/>\n\t\t\t<input type=\"submit\" name=\"save_draft\" class=\"button secondary save_draft\" value=\"Enregistrer le brouillon\" formnovalidate \/>\t\t\t<span class=\"spinner\" style=\"background-image: url(https:\/\/www.escadn.fr\/wp-includes\/images\/spinner.gif);\"><\/span>\n\t\t<\/p>\n<\/p><\/form>\n\t\t\t\t\t\t\t\t<\/div>\n\t\t\t\t<\/div>\n\t\t\t\t\t<\/div>\n\t\t<\/div>\n\t\t\t\t\t<\/div>\n\t\t<\/section>\n\t\t\t\t<\/div>\n\t\t","protected":false},"excerpt":{"rendered":"","protected":false},"author":1,"featured_media":0,"parent":0,"menu_order":0,"comment_status":"closed","ping_status":"closed","template":"","meta":{"content-type":"","om_disable_all_campaigns":false,"_monsterinsights_skip_tracking":false,"_monsterinsights_sitenote_active":false,"_monsterinsights_sitenote_note":"","_monsterinsights_sitenote_category":0,"_uf_show_specific_survey":0,"_uf_disable_surveys":false,"ocean_post_layout":"","ocean_both_sidebars_style":"","ocean_both_sidebars_content_width":0,"ocean_both_sidebars_sidebars_width":0,"ocean_sidebar":"0","ocean_second_sidebar":"0","ocean_disable_margins":"enable","ocean_add_body_class":"","ocean_shortcode_before_top_bar":"","ocean_shortcode_after_top_bar":"","ocean_shortcode_before_header":"","ocean_shortcode_after_header":"","ocean_has_shortcode":"","ocean_shortcode_after_title":"","ocean_shortcode_before_footer_widgets":"","ocean_shortcode_after_footer_widgets":"","ocean_shortcode_before_footer_bottom":"","ocean_shortcode_after_footer_bottom":"","ocean_display_top_bar":"default","ocean_display_header":"default","ocean_header_style":"","ocean_center_header_left_menu":"0","ocean_custom_header_template":"0","ocean_custom_logo":0,"ocean_custom_retina_logo":0,"ocean_custom_logo_max_width":0,"ocean_custom_logo_tablet_max_width":0,"ocean_custom_logo_mobile_max_width":0,"ocean_custom_logo_max_height":0,"ocean_custom_logo_tablet_max_height":0,"ocean_custom_logo_mobile_max_height":0,"ocean_header_custom_menu":"0","ocean_menu_typo_font_family":"0","ocean_menu_typo_font_subset":"","ocean_menu_typo_font_size":0,"ocean_menu_typo_font_size_tablet":0,"ocean_menu_typo_font_size_mobile":0,"ocean_menu_typo_font_size_unit":"px","ocean_menu_typo_font_weight":"","ocean_menu_typo_font_weight_tablet":"","ocean_menu_typo_font_weight_mobile":"","ocean_menu_typo_transform":"","ocean_menu_typo_transform_tablet":"","ocean_menu_typo_transform_mobile":"","ocean_menu_typo_line_height":0,"ocean_menu_typo_line_height_tablet":0,"ocean_menu_typo_line_height_mobile":0,"ocean_menu_typo_line_height_unit":"","ocean_menu_typo_spacing":0,"ocean_menu_typo_spacing_tablet":0,"ocean_menu_typo_spacing_mobile":0,"ocean_menu_typo_spacing_unit":"","ocean_menu_link_color":"","ocean_menu_link_color_hover":"","ocean_menu_link_color_active":"","ocean_menu_link_background":"","ocean_menu_link_hover_background":"","ocean_menu_link_active_background":"","ocean_menu_social_links_bg":"","ocean_menu_social_hover_links_bg":"","ocean_menu_social_links_color":"","ocean_menu_social_hover_links_color":"","ocean_disable_title":"default","ocean_disable_heading":"default","ocean_post_title":"","ocean_post_subheading":"","ocean_post_title_style":"","ocean_post_title_background_color":"","ocean_post_title_background":0,"ocean_post_title_bg_image_position":"","ocean_post_title_bg_image_attachment":"","ocean_post_title_bg_image_repeat":"","ocean_post_title_bg_image_size":"","ocean_post_title_height":0,"ocean_post_title_bg_overlay":0.5,"ocean_post_title_bg_overlay_color":"","ocean_disable_breadcrumbs":"default","ocean_breadcrumbs_color":"","ocean_breadcrumbs_separator_color":"","ocean_breadcrumbs_links_color":"","ocean_breadcrumbs_links_hover_color":"","ocean_display_footer_widgets":"default","ocean_display_footer_bottom":"default","ocean_custom_footer_template":"0","footnotes":""},"class_list":["post-2063","page","type-page","status-publish","hentry","entry"],"aioseo_notices":[],"yoast_head":"<!-- This site is optimized with the Yoast SEO plugin v21.9.1 - https:\/\/yoast.com\/wordpress\/plugins\/seo\/ -->\n<title>D\u00e9posez vos offres de missions - Bureau d&#039;\u00e9tude ESCADN<\/title>\n<meta name=\"description\" content=\"D\u00e9posez vos offres de missions gratuitement sur notre site web s&#039;il s&#039;agit des missions sur la science, la technologie ou l&#039;informatique.\" \/>\n<meta name=\"robots\" content=\"index, follow, max-snippet:-1, max-image-preview:large, max-video-preview:-1\" \/>\n<link rel=\"canonical\" href=\"https:\/\/www.escadn.fr\/?page_id=2063\" \/>\n<meta property=\"og:locale\" content=\"fr_FR\" \/>\n<meta property=\"og:type\" content=\"article\" \/>\n<meta property=\"og:title\" content=\"D\u00e9posez vos offres de missions - Bureau d&#039;\u00e9tude ESCADN\" \/>\n<meta property=\"og:description\" content=\"D\u00e9posez vos offres de missions gratuitement sur notre site web s&#039;il s&#039;agit des missions sur la science, la technologie ou l&#039;informatique.\" \/>\n<meta property=\"og:url\" content=\"https:\/\/www.escadn.fr\/?page_id=2063\" \/>\n<meta property=\"og:site_name\" content=\"Bureau d&#039;\u00e9tude ESCADN\" \/>\n<meta property=\"article:modified_time\" content=\"2024-12-26T15:15:42+00:00\" \/>\n<meta property=\"og:image\" content=\"https:\/\/www.escadn.fr\/wp-content\/uploads\/2023\/01\/cropped-logo-final-1-1.jpg\" \/>\n\t<meta property=\"og:image:width\" content=\"512\" \/>\n\t<meta property=\"og:image:height\" content=\"512\" \/>\n\t<meta property=\"og:image:type\" content=\"image\/jpeg\" \/>\n<meta name=\"twitter:card\" content=\"summary_large_image\" \/>\n<meta name=\"twitter:label1\" content=\"Dur\u00e9e de lecture estim\u00e9e\" \/>\n\t<meta name=\"twitter:data1\" content=\"1 minute\" \/>\n<script type=\"application\/ld+json\" class=\"yoast-schema-graph\">{\"@context\":\"https:\/\/schema.org\",\"@graph\":[{\"@type\":\"WebPage\",\"@id\":\"https:\/\/www.escadn.fr\/?page_id=2063\",\"url\":\"https:\/\/www.escadn.fr\/?page_id=2063\",\"name\":\"D\u00e9posez vos offres de missions - Bureau d&#039;\u00e9tude ESCADN\",\"isPartOf\":{\"@id\":\"https:\/\/www.escadn.fr\/#website\"},\"datePublished\":\"2023-05-15T11:11:15+00:00\",\"dateModified\":\"2024-12-26T15:15:42+00:00\",\"description\":\"D\u00e9posez vos offres de missions gratuitement sur notre site web s'il s'agit des missions sur la science, la technologie ou l'informatique.\",\"breadcrumb\":{\"@id\":\"https:\/\/www.escadn.fr\/?page_id=2063#breadcrumb\"},\"inLanguage\":\"fr-FR\",\"potentialAction\":[{\"@type\":\"ReadAction\",\"target\":[\"https:\/\/www.escadn.fr\/?page_id=2063\"]}]},{\"@type\":\"BreadcrumbList\",\"@id\":\"https:\/\/www.escadn.fr\/?page_id=2063#breadcrumb\",\"itemListElement\":[{\"@type\":\"ListItem\",\"position\":1,\"name\":\"Accueil\",\"item\":\"https:\/\/www.escadn.fr\/\"},{\"@type\":\"ListItem\",\"position\":2,\"name\":\"D\u00e9posez vos offres de missions\"}]},{\"@type\":\"WebSite\",\"@id\":\"https:\/\/www.escadn.fr\/#website\",\"url\":\"https:\/\/www.escadn.fr\/\",\"name\":\"Bureau d'\u00e9tude ESCADN\",\"description\":\"Confiez-nous votre projet\",\"publisher\":{\"@id\":\"https:\/\/www.escadn.fr\/#organization\"},\"potentialAction\":[{\"@type\":\"SearchAction\",\"target\":{\"@type\":\"EntryPoint\",\"urlTemplate\":\"https:\/\/www.escadn.fr\/?s={search_term_string}\"},\"query-input\":\"required name=search_term_string\"}],\"inLanguage\":\"fr-FR\"},{\"@type\":\"Organization\",\"@id\":\"https:\/\/www.escadn.fr\/#organization\",\"name\":\"Bureau d'\u00e9tude ESCADN\",\"url\":\"https:\/\/www.escadn.fr\/\",\"logo\":{\"@type\":\"ImageObject\",\"inLanguage\":\"fr-FR\",\"@id\":\"https:\/\/www.escadn.fr\/#\/schema\/logo\/image\/\",\"url\":\"https:\/\/www.escadn.fr\/wp-content\/uploads\/2023\/01\/cropped-cropped-logo-final-1-1-1.jpg\",\"contentUrl\":\"https:\/\/www.escadn.fr\/wp-content\/uploads\/2023\/01\/cropped-cropped-logo-final-1-1-1.jpg\",\"width\":512,\"height\":512,\"caption\":\"Bureau d'\u00e9tude ESCADN\"},\"image\":{\"@id\":\"https:\/\/www.escadn.fr\/#\/schema\/logo\/image\/\"},\"sameAs\":[\"https:\/\/www.linkedin.com\/company\/escadn\/\"]}]}<\/script>\n<!-- \/ Yoast SEO plugin. -->","yoast_head_json":{"title":"D\u00e9posez vos offres de missions - Bureau d&#039;\u00e9tude ESCADN","description":"D\u00e9posez vos offres de missions gratuitement sur notre site web s'il s'agit des missions sur la science, la technologie ou l'informatique.","robots":{"index":"index","follow":"follow","max-snippet":"max-snippet:-1","max-image-preview":"max-image-preview:large","max-video-preview":"max-video-preview:-1"},"canonical":"https:\/\/www.escadn.fr\/?page_id=2063","og_locale":"fr_FR","og_type":"article","og_title":"D\u00e9posez vos offres de missions - Bureau d&#039;\u00e9tude ESCADN","og_description":"D\u00e9posez vos offres de missions gratuitement sur notre site web s'il s'agit des missions sur la science, la technologie ou l'informatique.","og_url":"https:\/\/www.escadn.fr\/?page_id=2063","og_site_name":"Bureau d&#039;\u00e9tude ESCADN","article_modified_time":"2024-12-26T15:15:42+00:00","og_image":[{"width":512,"height":512,"url":"https:\/\/www.escadn.fr\/wp-content\/uploads\/2023\/01\/cropped-logo-final-1-1.jpg","type":"image\/jpeg"}],"twitter_card":"summary_large_image","twitter_misc":{"Dur\u00e9e de lecture estim\u00e9e":"1 minute"},"schema":{"@context":"https:\/\/schema.org","@graph":[{"@type":"WebPage","@id":"https:\/\/www.escadn.fr\/?page_id=2063","url":"https:\/\/www.escadn.fr\/?page_id=2063","name":"D\u00e9posez vos offres de missions - Bureau d&#039;\u00e9tude ESCADN","isPartOf":{"@id":"https:\/\/www.escadn.fr\/#website"},"datePublished":"2023-05-15T11:11:15+00:00","dateModified":"2024-12-26T15:15:42+00:00","description":"D\u00e9posez vos offres de missions gratuitement sur notre site web s'il s'agit des missions sur la science, la technologie ou l'informatique.","breadcrumb":{"@id":"https:\/\/www.escadn.fr\/?page_id=2063#breadcrumb"},"inLanguage":"fr-FR","potentialAction":[{"@type":"ReadAction","target":["https:\/\/www.escadn.fr\/?page_id=2063"]}]},{"@type":"BreadcrumbList","@id":"https:\/\/www.escadn.fr\/?page_id=2063#breadcrumb","itemListElement":[{"@type":"ListItem","position":1,"name":"Accueil","item":"https:\/\/www.escadn.fr\/"},{"@type":"ListItem","position":2,"name":"D\u00e9posez vos offres de missions"}]},{"@type":"WebSite","@id":"https:\/\/www.escadn.fr\/#website","url":"https:\/\/www.escadn.fr\/","name":"Bureau d'\u00e9tude ESCADN","description":"Confiez-nous votre projet","publisher":{"@id":"https:\/\/www.escadn.fr\/#organization"},"potentialAction":[{"@type":"SearchAction","target":{"@type":"EntryPoint","urlTemplate":"https:\/\/www.escadn.fr\/?s={search_term_string}"},"query-input":"required name=search_term_string"}],"inLanguage":"fr-FR"},{"@type":"Organization","@id":"https:\/\/www.escadn.fr\/#organization","name":"Bureau d'\u00e9tude ESCADN","url":"https:\/\/www.escadn.fr\/","logo":{"@type":"ImageObject","inLanguage":"fr-FR","@id":"https:\/\/www.escadn.fr\/#\/schema\/logo\/image\/","url":"https:\/\/www.escadn.fr\/wp-content\/uploads\/2023\/01\/cropped-cropped-logo-final-1-1-1.jpg","contentUrl":"https:\/\/www.escadn.fr\/wp-content\/uploads\/2023\/01\/cropped-cropped-logo-final-1-1-1.jpg","width":512,"height":512,"caption":"Bureau d'\u00e9tude ESCADN"},"image":{"@id":"https:\/\/www.escadn.fr\/#\/schema\/logo\/image\/"},"sameAs":["https:\/\/www.linkedin.com\/company\/escadn\/"]}]}},"_links":{"self":[{"href":"https:\/\/www.escadn.fr\/index.php?rest_route=\/wp\/v2\/pages\/2063","targetHints":{"allow":["GET"]}}],"collection":[{"href":"https:\/\/www.escadn.fr\/index.php?rest_route=\/wp\/v2\/pages"}],"about":[{"href":"https:\/\/www.escadn.fr\/index.php?rest_route=\/wp\/v2\/types\/page"}],"author":[{"embeddable":true,"href":"https:\/\/www.escadn.fr\/index.php?rest_route=\/wp\/v2\/users\/1"}],"replies":[{"embeddable":true,"href":"https:\/\/www.escadn.fr\/index.php?rest_route=%2Fwp%2Fv2%2Fcomments&post=2063"}],"version-history":[{"count":10,"href":"https:\/\/www.escadn.fr\/index.php?rest_route=\/wp\/v2\/pages\/2063\/revisions"}],"predecessor-version":[{"id":2078,"href":"https:\/\/www.escadn.fr\/index.php?rest_route=\/wp\/v2\/pages\/2063\/revisions\/2078"}],"wp:attachment":[{"href":"https:\/\/www.escadn.fr\/index.php?rest_route=%2Fwp%2Fv2%2Fmedia&parent=2063"}],"curies":[{"name":"wp","href":"https:\/\/api.w.org\/{rel}","templated":true}]}}