{"id":310,"date":"2023-02-07T10:10:27","date_gmt":"2023-02-07T09:10:27","guid":{"rendered":"http:\/\/www.escadn.fr\/?page_id=310"},"modified":"2024-12-26T17:44:30","modified_gmt":"2024-12-26T16:44:30","slug":"accompagnement-et-conseil-escadn","status":"publish","type":"page","link":"https:\/\/www.escadn.fr\/?page_id=310","title":{"rendered":"Accompagnement et conseil"},"content":{"rendered":"\t\t<div data-elementor-type=\"wp-page\" data-elementor-id=\"310\" class=\"elementor elementor-310\">\n\t\t\t\t\t\t<section class=\"elementor-section elementor-top-section elementor-element elementor-element-bde1c9e elementor-section-full_width elementor-section-height-default elementor-section-height-default\" data-id=\"bde1c9e\" data-element_type=\"section\" data-e-type=\"section\">\n\t\t\t\t\t\t<div class=\"elementor-container elementor-column-gap-default\">\n\t\t\t\t\t<div class=\"elementor-column elementor-col-100 elementor-top-column elementor-element elementor-element-3033841\" data-id=\"3033841\" data-element_type=\"column\" data-e-type=\"column\">\n\t\t\t<div class=\"elementor-widget-wrap elementor-element-populated\">\n\t\t\t\t\t\t<div class=\"elementor-element elementor-element-4815b31 elementor-widget elementor-widget-heading\" data-id=\"4815b31\" data-element_type=\"widget\" data-e-type=\"widget\" data-widget_type=\"heading.default\">\n\t\t\t\t<div class=\"elementor-widget-container\">\n\t\t\t\t\t<h1 class=\"elementor-heading-title elementor-size-default\">ACCOMPAGNEMENT ET CONSEIL<\/h1>\t\t\t\t<\/div>\n\t\t\t\t<\/div>\n\t\t\t\t\t<\/div>\n\t\t<\/div>\n\t\t\t\t\t<\/div>\n\t\t<\/section>\n\t\t\t\t<section class=\"elementor-section elementor-top-section elementor-element elementor-element-1057cc7 elementor-section-full_width elementor-section-height-default elementor-section-height-default\" data-id=\"1057cc7\" data-element_type=\"section\" data-e-type=\"section\">\n\t\t\t\t\t\t<div class=\"elementor-container elementor-column-gap-default\">\n\t\t\t\t\t<div class=\"elementor-column elementor-col-100 elementor-top-column elementor-element elementor-element-d198666\" data-id=\"d198666\" data-element_type=\"column\" data-e-type=\"column\">\n\t\t\t<div class=\"elementor-widget-wrap elementor-element-populated\">\n\t\t\t\t\t\t<div class=\"elementor-element elementor-element-b1f3414 elementor-widget elementor-widget-image\" data-id=\"b1f3414\" data-element_type=\"widget\" data-e-type=\"widget\" data-widget_type=\"image.default\">\n\t\t\t\t<div class=\"elementor-widget-container\">\n\t\t\t\t\t\t\t\t\t\t\t\t\t\t\t<img fetchpriority=\"high\" decoding=\"async\" width=\"1024\" height=\"577\" src=\"https:\/\/www.escadn.fr\/wp-content\/uploads\/2023\/04\/Sans-titre-9-1024x577.png\" class=\"attachment-large size-large wp-image-1890\" alt=\"Accompagnement et conseil - Nous offrons des services d&#039;accompagnement et de conseil \u00e0 nos clients dans la r\u00e9alisation de vos projets.\" srcset=\"https:\/\/www.escadn.fr\/wp-content\/uploads\/2023\/04\/Sans-titre-9-1024x577.png 1024w, https:\/\/www.escadn.fr\/wp-content\/uploads\/2023\/04\/Sans-titre-9-300x169.png 300w, https:\/\/www.escadn.fr\/wp-content\/uploads\/2023\/04\/Sans-titre-9-768x433.png 768w, https:\/\/www.escadn.fr\/wp-content\/uploads\/2023\/04\/Sans-titre-9-1536x865.png 1536w, https:\/\/www.escadn.fr\/wp-content\/uploads\/2023\/04\/Sans-titre-9-800x450.png 800w, https:\/\/www.escadn.fr\/wp-content\/uploads\/2023\/04\/Sans-titre-9.png 1640w\" sizes=\"(max-width: 1024px) 100vw, 1024px\" \/>\t\t\t\t\t\t\t\t\t\t\t\t\t\t\t<\/div>\n\t\t\t\t<\/div>\n\t\t\t\t<div class=\"elementor-element elementor-element-ffaaa51 elementor-widget elementor-widget-text-editor\" data-id=\"ffaaa51\" data-element_type=\"widget\" data-e-type=\"widget\" data-widget_type=\"text-editor.default\">\n\t\t\t\t<div class=\"elementor-widget-container\">\n\t\t\t\t\t\t\t\t\t<ul><li>Vous avez des <strong>projets<\/strong> li\u00e9s \u00e0 la <strong>technologie<\/strong> et\/ou \u00e0 l&rsquo;<strong>informatique. Contactez-nous pour vous accompagner jusqu&rsquo;\u00e0 leur r\u00e9alisation<\/strong>,<\/li><li>Vous avez une<strong> \u00e9quipe projet<\/strong> qui n&rsquo;a pas les<strong> performances n\u00e9cessaires<\/strong> pour mener \u00e0 bien votre projet, nous la <strong>formons<\/strong> et nous l&rsquo;accompagnons jusqu&rsquo;\u00e0 la r\u00e9alisation du projet,<\/li><li>Vous n&rsquo;avez pas d<strong>&lsquo;\u00e9quipe projet<\/strong>, nous<strong> recrutons<\/strong> pour vous les candidats ayant les <strong>comp\u00e9tences<\/strong> demand\u00e9es puis <strong>nous accompagnons cette \u00e9quipe jusqu&rsquo;\u00e0 la r\u00e9alisation du projet.<\/strong><\/li><\/ul><p><strong style=\"font-size: 19px; color: var( --e-global-color-text );\">Notre \u00e9quipe d&rsquo;experts est \u00e0 votre \u00e9coute pour bien vous servir et r\u00e9pondre \u00e0 vos besoins.<\/strong><\/p><p><strong>Contactez-nous pour \u00e9tudier votre projet et vous faire un devis.<\/strong><\/p>\t\t\t\t\t\t\t\t<\/div>\n\t\t\t\t<\/div>\n\t\t\t\t\t<\/div>\n\t\t<\/div>\n\t\t\t\t\t<\/div>\n\t\t<\/section>\n\t\t\t\t<section class=\"elementor-section elementor-top-section elementor-element elementor-element-f80279c elementor-section-boxed elementor-section-height-default elementor-section-height-default\" data-id=\"f80279c\" data-element_type=\"section\" data-e-type=\"section\">\n\t\t\t\t\t\t<div class=\"elementor-container elementor-column-gap-default\">\n\t\t\t\t\t<div class=\"elementor-column elementor-col-100 elementor-top-column elementor-element elementor-element-b9e4386\" data-id=\"b9e4386\" data-element_type=\"column\" data-e-type=\"column\">\n\t\t\t<div class=\"elementor-widget-wrap elementor-element-populated\">\n\t\t\t\t\t\t<div class=\"elementor-element elementor-element-49948e2 elementor-align-center elementor-widget elementor-widget-button\" data-id=\"49948e2\" data-element_type=\"widget\" data-e-type=\"widget\" data-widget_type=\"button.default\">\n\t\t\t\t<div class=\"elementor-widget-container\">\n\t\t\t\t\t\t\t\t\t<div class=\"elementor-button-wrapper\">\n\t\t\t\t\t<a class=\"elementor-button elementor-button-link elementor-size-sm\" href=\"https:\/\/www.escadn.fr\/?page_id=946\" target=\"_blank\">\n\t\t\t\t\t\t<span class=\"elementor-button-content-wrapper\">\n\t\t\t\t\t\t\t\t\t<span class=\"elementor-button-text\">Demander un devis<\/span>\n\t\t\t\t\t<\/span>\n\t\t\t\t\t<\/a>\n\t\t\t\t<\/div>\n\t\t\t\t\t\t\t\t<\/div>\n\t\t\t\t<\/div>\n\t\t\t\t\t<\/div>\n\t\t<\/div>\n\t\t\t\t\t<\/div>\n\t\t<\/section>\n\t\t\t\t<section class=\"elementor-section elementor-top-section elementor-element elementor-element-0a465a0 elementor-section-boxed elementor-section-height-default elementor-section-height-default\" data-id=\"0a465a0\" data-element_type=\"section\" data-e-type=\"section\">\n\t\t\t\t\t\t<div class=\"elementor-container elementor-column-gap-default\">\n\t\t\t\t\t<div class=\"elementor-column elementor-col-100 elementor-top-column elementor-element elementor-element-02a14aa\" data-id=\"02a14aa\" data-element_type=\"column\" data-e-type=\"column\">\n\t\t\t<div class=\"elementor-widget-wrap\">\n\t\t\t\t\t\t\t<\/div>\n\t\t<\/div>\n\t\t\t\t\t<\/div>\n\t\t<\/section>\n\t\t\t\t<\/div>\n\t\t","protected":false},"excerpt":{"rendered":"<p>ACCOMPAGNEMENT ET CONSEIL Vous avez des projets li\u00e9s \u00e0 la technologie et\/ou \u00e0 l&rsquo;informatique. Contactez-nous pour vous accompagner jusqu&rsquo;\u00e0 leur r\u00e9alisation, Vous avez une \u00e9quipe projet qui n&rsquo;a pas les performances n\u00e9cessaires pour mener \u00e0 bien votre projet, nous la formons et nous l&rsquo;accompagnons jusqu&rsquo;\u00e0 la r\u00e9alisation du projet, Vous n&rsquo;avez pas d&lsquo;\u00e9quipe projet, nous [&hellip;]<\/p>\n","protected":false},"author":1,"featured_media":0,"parent":0,"menu_order":0,"comment_status":"closed","ping_status":"closed","template":"","meta":{"content-type":"","om_disable_all_campaigns":false,"_monsterinsights_skip_tracking":false,"_monsterinsights_sitenote_active":false,"_monsterinsights_sitenote_note":"","_monsterinsights_sitenote_category":0,"_uf_show_specific_survey":0,"_uf_disable_surveys":false,"ocean_post_layout":"","ocean_both_sidebars_style":"","ocean_both_sidebars_content_width":0,"ocean_both_sidebars_sidebars_width":0,"ocean_sidebar":"0","ocean_second_sidebar":"0","ocean_disable_margins":"enable","ocean_add_body_class":"","ocean_shortcode_before_top_bar":"","ocean_shortcode_after_top_bar":"","ocean_shortcode_before_header":"","ocean_shortcode_after_header":"","ocean_has_shortcode":"","ocean_shortcode_after_title":"","ocean_shortcode_before_footer_widgets":"","ocean_shortcode_after_footer_widgets":"","ocean_shortcode_before_footer_bottom":"","ocean_shortcode_after_footer_bottom":"","ocean_display_top_bar":"default","ocean_display_header":"default","ocean_header_style":"","ocean_center_header_left_menu":"0","ocean_custom_header_template":"0","ocean_custom_logo":0,"ocean_custom_retina_logo":0,"ocean_custom_logo_max_width":0,"ocean_custom_logo_tablet_max_width":0,"ocean_custom_logo_mobile_max_width":0,"ocean_custom_logo_max_height":0,"ocean_custom_logo_tablet_max_height":0,"ocean_custom_logo_mobile_max_height":0,"ocean_header_custom_menu":"0","ocean_menu_typo_font_family":"0","ocean_menu_typo_font_subset":"","ocean_menu_typo_font_size":0,"ocean_menu_typo_font_size_tablet":0,"ocean_menu_typo_font_size_mobile":0,"ocean_menu_typo_font_size_unit":"px","ocean_menu_typo_font_weight":"","ocean_menu_typo_font_weight_tablet":"","ocean_menu_typo_font_weight_mobile":"","ocean_menu_typo_transform":"","ocean_menu_typo_transform_tablet":"","ocean_menu_typo_transform_mobile":"","ocean_menu_typo_line_height":0,"ocean_menu_typo_line_height_tablet":0,"ocean_menu_typo_line_height_mobile":0,"ocean_menu_typo_line_height_unit":"","ocean_menu_typo_spacing":0,"ocean_menu_typo_spacing_tablet":0,"ocean_menu_typo_spacing_mobile":0,"ocean_menu_typo_spacing_unit":"","ocean_menu_link_color":"","ocean_menu_link_color_hover":"","ocean_menu_link_color_active":"","ocean_menu_link_background":"","ocean_menu_link_hover_background":"","ocean_menu_link_active_background":"","ocean_menu_social_links_bg":"","ocean_menu_social_hover_links_bg":"","ocean_menu_social_links_color":"","ocean_menu_social_hover_links_color":"","ocean_disable_title":"default","ocean_disable_heading":"default","ocean_post_title":"","ocean_post_subheading":"","ocean_post_title_style":"","ocean_post_title_background_color":"","ocean_post_title_background":0,"ocean_post_title_bg_image_position":"","ocean_post_title_bg_image_attachment":"","ocean_post_title_bg_image_repeat":"","ocean_post_title_bg_image_size":"","ocean_post_title_height":0,"ocean_post_title_bg_overlay":0.5,"ocean_post_title_bg_overlay_color":"","ocean_disable_breadcrumbs":"default","ocean_breadcrumbs_color":"","ocean_breadcrumbs_separator_color":"","ocean_breadcrumbs_links_color":"","ocean_breadcrumbs_links_hover_color":"","ocean_display_footer_widgets":"default","ocean_display_footer_bottom":"default","ocean_custom_footer_template":"0","footnotes":""},"class_list":["post-310","page","type-page","status-publish","hentry","entry"],"aioseo_notices":[],"yoast_head":"<!-- This site is optimized with the Yoast SEO plugin v21.9.1 - https:\/\/yoast.com\/wordpress\/plugins\/seo\/ -->\n<title>Accompagnement et conseil - Bureau d&#039;\u00e9tude ESCADN<\/title>\n<meta name=\"description\" content=\"Nous offrons des services d&#039;accompagnement et de conseil \u00e0 nos clients. ESCADN vous accompagnent dans la r\u00e9alisation de vos projets.\" \/>\n<meta name=\"robots\" content=\"index, follow, max-snippet:-1, max-image-preview:large, max-video-preview:-1\" \/>\n<link rel=\"canonical\" href=\"https:\/\/www.escadn.fr\/?page_id=310\" \/>\n<meta property=\"og:locale\" content=\"fr_FR\" \/>\n<meta property=\"og:type\" content=\"article\" \/>\n<meta property=\"og:title\" content=\"Accompagnement et conseil - Bureau d&#039;\u00e9tude ESCADN\" \/>\n<meta property=\"og:description\" content=\"Nous offrons des services d&#039;accompagnement et de conseil \u00e0 nos clients. ESCADN vous accompagnent dans la r\u00e9alisation de vos projets.\" \/>\n<meta property=\"og:url\" content=\"https:\/\/www.escadn.fr\/?page_id=310\" \/>\n<meta property=\"og:site_name\" content=\"Bureau d&#039;\u00e9tude ESCADN\" \/>\n<meta property=\"article:modified_time\" content=\"2024-12-26T16:44:30+00:00\" \/>\n<meta property=\"og:image\" content=\"https:\/\/www.escadn.fr\/wp-content\/uploads\/2023\/04\/Sans-titre-9-1024x577.png\" \/>\n<meta name=\"twitter:card\" content=\"summary_large_image\" \/>\n<meta name=\"twitter:label1\" content=\"Dur\u00e9e de lecture estim\u00e9e\" \/>\n\t<meta name=\"twitter:data1\" content=\"1 minute\" \/>\n<script type=\"application\/ld+json\" class=\"yoast-schema-graph\">{\"@context\":\"https:\/\/schema.org\",\"@graph\":[{\"@type\":\"WebPage\",\"@id\":\"https:\/\/www.escadn.fr\/?page_id=310\",\"url\":\"https:\/\/www.escadn.fr\/?page_id=310\",\"name\":\"Accompagnement et conseil - Bureau d&#039;\u00e9tude ESCADN\",\"isPartOf\":{\"@id\":\"https:\/\/www.escadn.fr\/#website\"},\"datePublished\":\"2023-02-07T09:10:27+00:00\",\"dateModified\":\"2024-12-26T16:44:30+00:00\",\"description\":\"Nous offrons des services d'accompagnement et de conseil \u00e0 nos clients. ESCADN vous accompagnent dans la r\u00e9alisation de vos projets.\",\"breadcrumb\":{\"@id\":\"https:\/\/www.escadn.fr\/?page_id=310#breadcrumb\"},\"inLanguage\":\"fr-FR\",\"potentialAction\":[{\"@type\":\"ReadAction\",\"target\":[\"https:\/\/www.escadn.fr\/?page_id=310\"]}]},{\"@type\":\"BreadcrumbList\",\"@id\":\"https:\/\/www.escadn.fr\/?page_id=310#breadcrumb\",\"itemListElement\":[{\"@type\":\"ListItem\",\"position\":1,\"name\":\"Accueil\",\"item\":\"https:\/\/www.escadn.fr\/\"},{\"@type\":\"ListItem\",\"position\":2,\"name\":\"Accompagnement et conseil\"}]},{\"@type\":\"WebSite\",\"@id\":\"https:\/\/www.escadn.fr\/#website\",\"url\":\"https:\/\/www.escadn.fr\/\",\"name\":\"Bureau d'\u00e9tude ESCADN\",\"description\":\"Confiez-nous votre projet\",\"publisher\":{\"@id\":\"https:\/\/www.escadn.fr\/#organization\"},\"potentialAction\":[{\"@type\":\"SearchAction\",\"target\":{\"@type\":\"EntryPoint\",\"urlTemplate\":\"https:\/\/www.escadn.fr\/?s={search_term_string}\"},\"query-input\":\"required name=search_term_string\"}],\"inLanguage\":\"fr-FR\"},{\"@type\":\"Organization\",\"@id\":\"https:\/\/www.escadn.fr\/#organization\",\"name\":\"Bureau d'\u00e9tude ESCADN\",\"url\":\"https:\/\/www.escadn.fr\/\",\"logo\":{\"@type\":\"ImageObject\",\"inLanguage\":\"fr-FR\",\"@id\":\"https:\/\/www.escadn.fr\/#\/schema\/logo\/image\/\",\"url\":\"https:\/\/www.escadn.fr\/wp-content\/uploads\/2023\/01\/cropped-cropped-logo-final-1-1-1.jpg\",\"contentUrl\":\"https:\/\/www.escadn.fr\/wp-content\/uploads\/2023\/01\/cropped-cropped-logo-final-1-1-1.jpg\",\"width\":512,\"height\":512,\"caption\":\"Bureau d'\u00e9tude ESCADN\"},\"image\":{\"@id\":\"https:\/\/www.escadn.fr\/#\/schema\/logo\/image\/\"},\"sameAs\":[\"https:\/\/www.linkedin.com\/company\/escadn\/\"]}]}<\/script>\n<!-- \/ Yoast SEO plugin. -->","yoast_head_json":{"title":"Accompagnement et conseil - Bureau d&#039;\u00e9tude ESCADN","description":"Nous offrons des services d'accompagnement et de conseil \u00e0 nos clients. ESCADN vous accompagnent dans la r\u00e9alisation de vos projets.","robots":{"index":"index","follow":"follow","max-snippet":"max-snippet:-1","max-image-preview":"max-image-preview:large","max-video-preview":"max-video-preview:-1"},"canonical":"https:\/\/www.escadn.fr\/?page_id=310","og_locale":"fr_FR","og_type":"article","og_title":"Accompagnement et conseil - Bureau d&#039;\u00e9tude ESCADN","og_description":"Nous offrons des services d'accompagnement et de conseil \u00e0 nos clients. ESCADN vous accompagnent dans la r\u00e9alisation de vos projets.","og_url":"https:\/\/www.escadn.fr\/?page_id=310","og_site_name":"Bureau d&#039;\u00e9tude ESCADN","article_modified_time":"2024-12-26T16:44:30+00:00","og_image":[{"url":"https:\/\/www.escadn.fr\/wp-content\/uploads\/2023\/04\/Sans-titre-9-1024x577.png"}],"twitter_card":"summary_large_image","twitter_misc":{"Dur\u00e9e de lecture estim\u00e9e":"1 minute"},"schema":{"@context":"https:\/\/schema.org","@graph":[{"@type":"WebPage","@id":"https:\/\/www.escadn.fr\/?page_id=310","url":"https:\/\/www.escadn.fr\/?page_id=310","name":"Accompagnement et conseil - Bureau d&#039;\u00e9tude ESCADN","isPartOf":{"@id":"https:\/\/www.escadn.fr\/#website"},"datePublished":"2023-02-07T09:10:27+00:00","dateModified":"2024-12-26T16:44:30+00:00","description":"Nous offrons des services d'accompagnement et de conseil \u00e0 nos clients. ESCADN vous accompagnent dans la r\u00e9alisation de vos projets.","breadcrumb":{"@id":"https:\/\/www.escadn.fr\/?page_id=310#breadcrumb"},"inLanguage":"fr-FR","potentialAction":[{"@type":"ReadAction","target":["https:\/\/www.escadn.fr\/?page_id=310"]}]},{"@type":"BreadcrumbList","@id":"https:\/\/www.escadn.fr\/?page_id=310#breadcrumb","itemListElement":[{"@type":"ListItem","position":1,"name":"Accueil","item":"https:\/\/www.escadn.fr\/"},{"@type":"ListItem","position":2,"name":"Accompagnement et conseil"}]},{"@type":"WebSite","@id":"https:\/\/www.escadn.fr\/#website","url":"https:\/\/www.escadn.fr\/","name":"Bureau d'\u00e9tude ESCADN","description":"Confiez-nous votre projet","publisher":{"@id":"https:\/\/www.escadn.fr\/#organization"},"potentialAction":[{"@type":"SearchAction","target":{"@type":"EntryPoint","urlTemplate":"https:\/\/www.escadn.fr\/?s={search_term_string}"},"query-input":"required name=search_term_string"}],"inLanguage":"fr-FR"},{"@type":"Organization","@id":"https:\/\/www.escadn.fr\/#organization","name":"Bureau d'\u00e9tude ESCADN","url":"https:\/\/www.escadn.fr\/","logo":{"@type":"ImageObject","inLanguage":"fr-FR","@id":"https:\/\/www.escadn.fr\/#\/schema\/logo\/image\/","url":"https:\/\/www.escadn.fr\/wp-content\/uploads\/2023\/01\/cropped-cropped-logo-final-1-1-1.jpg","contentUrl":"https:\/\/www.escadn.fr\/wp-content\/uploads\/2023\/01\/cropped-cropped-logo-final-1-1-1.jpg","width":512,"height":512,"caption":"Bureau d'\u00e9tude ESCADN"},"image":{"@id":"https:\/\/www.escadn.fr\/#\/schema\/logo\/image\/"},"sameAs":["https:\/\/www.linkedin.com\/company\/escadn\/"]}]}},"_links":{"self":[{"href":"https:\/\/www.escadn.fr\/index.php?rest_route=\/wp\/v2\/pages\/310","targetHints":{"allow":["GET"]}}],"collection":[{"href":"https:\/\/www.escadn.fr\/index.php?rest_route=\/wp\/v2\/pages"}],"about":[{"href":"https:\/\/www.escadn.fr\/index.php?rest_route=\/wp\/v2\/types\/page"}],"author":[{"embeddable":true,"href":"https:\/\/www.escadn.fr\/index.php?rest_route=\/wp\/v2\/users\/1"}],"replies":[{"embeddable":true,"href":"https:\/\/www.escadn.fr\/index.php?rest_route=%2Fwp%2Fv2%2Fcomments&post=310"}],"version-history":[{"count":123,"href":"https:\/\/www.escadn.fr\/index.php?rest_route=\/wp\/v2\/pages\/310\/revisions"}],"predecessor-version":[{"id":2539,"href":"https:\/\/www.escadn.fr\/index.php?rest_route=\/wp\/v2\/pages\/310\/revisions\/2539"}],"wp:attachment":[{"href":"https:\/\/www.escadn.fr\/index.php?rest_route=%2Fwp%2Fv2%2Fmedia&parent=310"}],"curies":[{"name":"wp","href":"https:\/\/api.w.org\/{rel}","templated":true}]}}