{"id":321,"date":"2023-02-07T10:26:58","date_gmt":"2023-02-07T09:26:58","guid":{"rendered":"http:\/\/www.escadn.fr\/?page_id=321"},"modified":"2025-01-07T11:33:10","modified_gmt":"2025-01-07T10:33:10","slug":"etat-de-lart","status":"publish","type":"page","link":"https:\/\/www.escadn.fr\/?page_id=321","title":{"rendered":"\u00c9tat de l&rsquo;art"},"content":{"rendered":"\t\t<div data-elementor-type=\"wp-page\" data-elementor-id=\"321\" class=\"elementor elementor-321\">\n\t\t\t\t\t\t<section class=\"elementor-section elementor-top-section elementor-element elementor-element-7ad5398 elementor-section-boxed elementor-section-height-default elementor-section-height-default\" data-id=\"7ad5398\" data-element_type=\"section\" data-e-type=\"section\">\n\t\t\t\t\t\t<div class=\"elementor-container elementor-column-gap-default\">\n\t\t\t\t\t<div class=\"elementor-column elementor-col-100 elementor-top-column elementor-element elementor-element-e90b1a2\" data-id=\"e90b1a2\" data-element_type=\"column\" data-e-type=\"column\">\n\t\t\t<div class=\"elementor-widget-wrap elementor-element-populated\">\n\t\t\t\t\t\t<div class=\"elementor-element elementor-element-e6b69e9 elementor-invisible elementor-widget elementor-widget-heading\" data-id=\"e6b69e9\" data-element_type=\"widget\" data-e-type=\"widget\" data-settings=\"{&quot;_animation&quot;:&quot;fadeInUp&quot;}\" data-widget_type=\"heading.default\">\n\t\t\t\t<div class=\"elementor-widget-container\">\n\t\t\t\t\t<h2 class=\"elementor-heading-title elementor-size-default\"> \u00c9TAT DE L'ART<\/h2>\t\t\t\t<\/div>\n\t\t\t\t<\/div>\n\t\t\t\t\t<\/div>\n\t\t<\/div>\n\t\t\t\t\t<\/div>\n\t\t<\/section>\n\t\t\t\t<section class=\"elementor-section elementor-top-section elementor-element elementor-element-967704e elementor-section-stretched elementor-section-boxed elementor-section-height-default elementor-section-height-default\" data-id=\"967704e\" data-element_type=\"section\" data-e-type=\"section\" data-settings=\"{&quot;stretch_section&quot;:&quot;section-stretched&quot;}\">\n\t\t\t\t\t\t<div class=\"elementor-container elementor-column-gap-default\">\n\t\t\t\t\t<div class=\"elementor-column elementor-col-100 elementor-top-column elementor-element elementor-element-8bf6352\" data-id=\"8bf6352\" data-element_type=\"column\" data-e-type=\"column\">\n\t\t\t<div class=\"elementor-widget-wrap elementor-element-populated\">\n\t\t\t\t\t\t<div class=\"elementor-element elementor-element-da60d4b elementor-widget elementor-widget-text-editor\" data-id=\"da60d4b\" data-element_type=\"widget\" data-e-type=\"widget\" data-widget_type=\"text-editor.default\">\n\t\t\t\t<div class=\"elementor-widget-container\">\n\t\t\t\t\t\t\t\t\t<p>Vous avez <strong>un projet<\/strong> et vous voulez savoir ce qui a \u00e9t\u00e9 fait sur ce projet au <strong>niveau mondial<\/strong>,<strong> contactez-nous pour vous faire une \u00e9tude compl\u00e8te<\/strong> de tout ce qui a \u00e9t\u00e9 fait dans les domaines se rapportant au projet. Cela vous permettra de savoir les<strong> diff\u00e9rentes techniques<\/strong> utilis\u00e9es, les<strong> diff\u00e9rents r\u00e9sultats<\/strong> obtenus, les<strong> diff\u00e9rentes interpr\u00e9tations des r\u00e9sultats<\/strong> et les <strong>diff\u00e9rentes m\u00e9thodes d&rsquo;analyse<\/strong> et <strong>caract\u00e9risation utilis\u00e9es.<\/strong><\/p><p>Les r\u00e9sultats de cette \u00e9tude vous permettent de mener \u00e0 bien votre projet.<\/p>\t\t\t\t\t\t\t\t<\/div>\n\t\t\t\t<\/div>\n\t\t\t\t\t<\/div>\n\t\t<\/div>\n\t\t\t\t\t<\/div>\n\t\t<\/section>\n\t\t\t\t<section class=\"elementor-section elementor-top-section elementor-element elementor-element-a69015c elementor-section-boxed elementor-section-height-default elementor-section-height-default\" data-id=\"a69015c\" data-element_type=\"section\" data-e-type=\"section\">\n\t\t\t\t\t\t<div class=\"elementor-container elementor-column-gap-default\">\n\t\t\t\t\t<div class=\"elementor-column elementor-col-100 elementor-top-column elementor-element elementor-element-ba26b7e\" data-id=\"ba26b7e\" data-element_type=\"column\" data-e-type=\"column\">\n\t\t\t<div class=\"elementor-widget-wrap\">\n\t\t\t\t\t\t\t<\/div>\n\t\t<\/div>\n\t\t\t\t\t<\/div>\n\t\t<\/section>\n\t\t\t\t<section class=\"elementor-section elementor-top-section elementor-element elementor-element-3d70c98 elementor-section-boxed elementor-section-height-default elementor-section-height-default\" data-id=\"3d70c98\" data-element_type=\"section\" data-e-type=\"section\">\n\t\t\t\t\t\t<div class=\"elementor-container elementor-column-gap-default\">\n\t\t\t\t\t<div class=\"elementor-column elementor-col-100 elementor-top-column elementor-element elementor-element-eb13c90\" data-id=\"eb13c90\" data-element_type=\"column\" data-e-type=\"column\">\n\t\t\t<div class=\"elementor-widget-wrap elementor-element-populated\">\n\t\t\t\t\t\t<div class=\"elementor-element elementor-element-92f2243 elementor-invisible elementor-widget elementor-widget-heading\" data-id=\"92f2243\" data-element_type=\"widget\" data-e-type=\"widget\" data-settings=\"{&quot;_animation&quot;:&quot;fadeInUp&quot;}\" data-widget_type=\"heading.default\">\n\t\t\t\t<div class=\"elementor-widget-container\">\n\t\t\t\t\t<h2 class=\"elementor-heading-title elementor-size-default\">SCIENCE, <br>TECHNOLOGIE,<br>INFORMATIQUE.<\/h2>\t\t\t\t<\/div>\n\t\t\t\t<\/div>\n\t\t\t\t\t<\/div>\n\t\t<\/div>\n\t\t\t\t\t<\/div>\n\t\t<\/section>\n\t\t\t\t<section class=\"elementor-section elementor-top-section elementor-element elementor-element-05f689f elementor-section-full_width elementor-section-stretched elementor-section-height-default elementor-section-height-default\" data-id=\"05f689f\" data-element_type=\"section\" data-e-type=\"section\" data-settings=\"{&quot;stretch_section&quot;:&quot;section-stretched&quot;}\">\n\t\t\t\t\t\t<div class=\"elementor-container elementor-column-gap-default\">\n\t\t\t\t\t<div class=\"elementor-column elementor-col-100 elementor-top-column elementor-element elementor-element-72c0c6c\" data-id=\"72c0c6c\" data-element_type=\"column\" data-e-type=\"column\">\n\t\t\t<div class=\"elementor-widget-wrap elementor-element-populated\">\n\t\t\t\t\t\t<div class=\"elementor-element elementor-element-b92b68f elementor-widget elementor-widget-image\" data-id=\"b92b68f\" data-element_type=\"widget\" data-e-type=\"widget\" data-widget_type=\"image.default\">\n\t\t\t\t<div class=\"elementor-widget-container\">\n\t\t\t\t\t\t\t\t\t\t\t\t\t\t\t<img fetchpriority=\"high\" decoding=\"async\" width=\"1024\" height=\"577\" src=\"https:\/\/www.escadn.fr\/wp-content\/uploads\/2023\/02\/etat-dart-1024x577.png\" class=\"attachment-large size-large wp-image-744\" alt=\"Nos services - ESCADN est un Bureau d&#039;\u00e9tude. Nous proposons plusieurs services dans l&#039;expertise scientifique, technologique et informatique.\" srcset=\"https:\/\/www.escadn.fr\/wp-content\/uploads\/2023\/02\/etat-dart-1024x577.png 1024w, https:\/\/www.escadn.fr\/wp-content\/uploads\/2023\/02\/etat-dart-300x169.png 300w, https:\/\/www.escadn.fr\/wp-content\/uploads\/2023\/02\/etat-dart-768x433.png 768w, https:\/\/www.escadn.fr\/wp-content\/uploads\/2023\/02\/etat-dart-1536x865.png 1536w, https:\/\/www.escadn.fr\/wp-content\/uploads\/2023\/02\/etat-dart-800x450.png 800w, https:\/\/www.escadn.fr\/wp-content\/uploads\/2023\/02\/etat-dart.png 1640w\" sizes=\"(max-width: 1024px) 100vw, 1024px\" \/>\t\t\t\t\t\t\t\t\t\t\t\t\t\t\t<\/div>\n\t\t\t\t<\/div>\n\t\t\t\t<div class=\"elementor-element elementor-element-1344c2d elementor-align-center elementor-widget elementor-widget-button\" data-id=\"1344c2d\" data-element_type=\"widget\" data-e-type=\"widget\" data-widget_type=\"button.default\">\n\t\t\t\t<div class=\"elementor-widget-container\">\n\t\t\t\t\t\t\t\t\t<div class=\"elementor-button-wrapper\">\n\t\t\t\t\t<a class=\"elementor-button elementor-button-link elementor-size-sm\" href=\"https:\/\/www.escadn.fr\/?page_id=946\">\n\t\t\t\t\t\t<span class=\"elementor-button-content-wrapper\">\n\t\t\t\t\t\t\t\t\t<span class=\"elementor-button-text\">Demander un devis<\/span>\n\t\t\t\t\t<\/span>\n\t\t\t\t\t<\/a>\n\t\t\t\t<\/div>\n\t\t\t\t\t\t\t\t<\/div>\n\t\t\t\t<\/div>\n\t\t\t\t\t<\/div>\n\t\t<\/div>\n\t\t\t\t\t<\/div>\n\t\t<\/section>\n\t\t\t\t<\/div>\n\t\t","protected":false},"excerpt":{"rendered":"<p>\u00c9TAT DE L&rsquo;ART Vous avez un projet et vous voulez savoir ce qui a \u00e9t\u00e9 fait sur ce projet au niveau mondial, contactez-nous pour vous faire une \u00e9tude compl\u00e8te de tout ce qui a \u00e9t\u00e9 fait dans les domaines se rapportant au projet. Cela vous permettra de savoir les diff\u00e9rentes techniques utilis\u00e9es, les diff\u00e9rents r\u00e9sultats [&hellip;]<\/p>\n","protected":false},"author":1,"featured_media":0,"parent":0,"menu_order":0,"comment_status":"closed","ping_status":"closed","template":"","meta":{"content-type":"","om_disable_all_campaigns":false,"_monsterinsights_skip_tracking":false,"_monsterinsights_sitenote_active":false,"_monsterinsights_sitenote_note":"","_monsterinsights_sitenote_category":0,"_uf_show_specific_survey":0,"_uf_disable_surveys":false,"ocean_post_layout":"","ocean_both_sidebars_style":"","ocean_both_sidebars_content_width":0,"ocean_both_sidebars_sidebars_width":0,"ocean_sidebar":"0","ocean_second_sidebar":"0","ocean_disable_margins":"enable","ocean_add_body_class":"","ocean_shortcode_before_top_bar":"","ocean_shortcode_after_top_bar":"","ocean_shortcode_before_header":"","ocean_shortcode_after_header":"","ocean_has_shortcode":"","ocean_shortcode_after_title":"","ocean_shortcode_before_footer_widgets":"","ocean_shortcode_after_footer_widgets":"","ocean_shortcode_before_footer_bottom":"","ocean_shortcode_after_footer_bottom":"","ocean_display_top_bar":"default","ocean_display_header":"default","ocean_header_style":"","ocean_center_header_left_menu":"0","ocean_custom_header_template":"0","ocean_custom_logo":0,"ocean_custom_retina_logo":0,"ocean_custom_logo_max_width":0,"ocean_custom_logo_tablet_max_width":0,"ocean_custom_logo_mobile_max_width":0,"ocean_custom_logo_max_height":0,"ocean_custom_logo_tablet_max_height":0,"ocean_custom_logo_mobile_max_height":0,"ocean_header_custom_menu":"0","ocean_menu_typo_font_family":"0","ocean_menu_typo_font_subset":"","ocean_menu_typo_font_size":0,"ocean_menu_typo_font_size_tablet":0,"ocean_menu_typo_font_size_mobile":0,"ocean_menu_typo_font_size_unit":"px","ocean_menu_typo_font_weight":"","ocean_menu_typo_font_weight_tablet":"","ocean_menu_typo_font_weight_mobile":"","ocean_menu_typo_transform":"","ocean_menu_typo_transform_tablet":"","ocean_menu_typo_transform_mobile":"","ocean_menu_typo_line_height":0,"ocean_menu_typo_line_height_tablet":0,"ocean_menu_typo_line_height_mobile":0,"ocean_menu_typo_line_height_unit":"","ocean_menu_typo_spacing":0,"ocean_menu_typo_spacing_tablet":0,"ocean_menu_typo_spacing_mobile":0,"ocean_menu_typo_spacing_unit":"","ocean_menu_link_color":"","ocean_menu_link_color_hover":"","ocean_menu_link_color_active":"","ocean_menu_link_background":"","ocean_menu_link_hover_background":"","ocean_menu_link_active_background":"","ocean_menu_social_links_bg":"","ocean_menu_social_hover_links_bg":"","ocean_menu_social_links_color":"","ocean_menu_social_hover_links_color":"","ocean_disable_title":"default","ocean_disable_heading":"default","ocean_post_title":"","ocean_post_subheading":"","ocean_post_title_style":"","ocean_post_title_background_color":"","ocean_post_title_background":0,"ocean_post_title_bg_image_position":"","ocean_post_title_bg_image_attachment":"","ocean_post_title_bg_image_repeat":"","ocean_post_title_bg_image_size":"","ocean_post_title_height":0,"ocean_post_title_bg_overlay":0.5,"ocean_post_title_bg_overlay_color":"","ocean_disable_breadcrumbs":"default","ocean_breadcrumbs_color":"","ocean_breadcrumbs_separator_color":"","ocean_breadcrumbs_links_color":"","ocean_breadcrumbs_links_hover_color":"","ocean_display_footer_widgets":"default","ocean_display_footer_bottom":"default","ocean_custom_footer_template":"0","footnotes":""},"class_list":["post-321","page","type-page","status-publish","hentry","entry"],"aioseo_notices":[],"yoast_head":"<!-- This site is optimized with the Yoast SEO plugin v21.9.1 - https:\/\/yoast.com\/wordpress\/plugins\/seo\/ -->\n<title>\u00c9tat de l&#039;art - Bureau d&#039;\u00e9tude ESCADN<\/title>\n<meta name=\"description\" content=\"L&#039;\u00e9tat de l&#039;art vous permettra de savoir les diff\u00e9rentes techniques utilis\u00e9es, les diff\u00e9rents r\u00e9sultats obtenus, etc.\" \/>\n<meta name=\"robots\" content=\"index, follow, max-snippet:-1, max-image-preview:large, max-video-preview:-1\" \/>\n<link rel=\"canonical\" href=\"https:\/\/www.escadn.fr\/?page_id=321\" \/>\n<meta property=\"og:locale\" content=\"fr_FR\" \/>\n<meta property=\"og:type\" content=\"article\" \/>\n<meta property=\"og:title\" content=\"\u00c9tat de l&#039;art - Bureau d&#039;\u00e9tude ESCADN\" \/>\n<meta property=\"og:description\" content=\"L&#039;\u00e9tat de l&#039;art vous permettra de savoir les diff\u00e9rentes techniques utilis\u00e9es, les diff\u00e9rents r\u00e9sultats obtenus, etc.\" \/>\n<meta property=\"og:url\" content=\"https:\/\/www.escadn.fr\/?page_id=321\" \/>\n<meta property=\"og:site_name\" content=\"Bureau d&#039;\u00e9tude ESCADN\" \/>\n<meta property=\"article:modified_time\" content=\"2025-01-07T10:33:10+00:00\" \/>\n<meta property=\"og:image\" content=\"https:\/\/www.escadn.fr\/wp-content\/uploads\/2023\/02\/etat-dart-1024x577.png\" \/>\n<meta name=\"twitter:card\" content=\"summary_large_image\" \/>\n<meta name=\"twitter:label1\" content=\"Dur\u00e9e de lecture estim\u00e9e\" \/>\n\t<meta name=\"twitter:data1\" content=\"1 minute\" \/>\n<script type=\"application\/ld+json\" class=\"yoast-schema-graph\">{\"@context\":\"https:\/\/schema.org\",\"@graph\":[{\"@type\":\"WebPage\",\"@id\":\"https:\/\/www.escadn.fr\/?page_id=321\",\"url\":\"https:\/\/www.escadn.fr\/?page_id=321\",\"name\":\"\u00c9tat de l'art - Bureau d&#039;\u00e9tude ESCADN\",\"isPartOf\":{\"@id\":\"https:\/\/www.escadn.fr\/#website\"},\"datePublished\":\"2023-02-07T09:26:58+00:00\",\"dateModified\":\"2025-01-07T10:33:10+00:00\",\"description\":\"L'\u00e9tat de l'art vous permettra de savoir les diff\u00e9rentes techniques utilis\u00e9es, les diff\u00e9rents r\u00e9sultats obtenus, etc.\",\"breadcrumb\":{\"@id\":\"https:\/\/www.escadn.fr\/?page_id=321#breadcrumb\"},\"inLanguage\":\"fr-FR\",\"potentialAction\":[{\"@type\":\"ReadAction\",\"target\":[\"https:\/\/www.escadn.fr\/?page_id=321\"]}]},{\"@type\":\"BreadcrumbList\",\"@id\":\"https:\/\/www.escadn.fr\/?page_id=321#breadcrumb\",\"itemListElement\":[{\"@type\":\"ListItem\",\"position\":1,\"name\":\"Accueil\",\"item\":\"https:\/\/www.escadn.fr\/\"},{\"@type\":\"ListItem\",\"position\":2,\"name\":\"\u00c9tat de l&rsquo;art\"}]},{\"@type\":\"WebSite\",\"@id\":\"https:\/\/www.escadn.fr\/#website\",\"url\":\"https:\/\/www.escadn.fr\/\",\"name\":\"Bureau d'\u00e9tude ESCADN\",\"description\":\"Confiez-nous votre projet\",\"publisher\":{\"@id\":\"https:\/\/www.escadn.fr\/#organization\"},\"potentialAction\":[{\"@type\":\"SearchAction\",\"target\":{\"@type\":\"EntryPoint\",\"urlTemplate\":\"https:\/\/www.escadn.fr\/?s={search_term_string}\"},\"query-input\":\"required name=search_term_string\"}],\"inLanguage\":\"fr-FR\"},{\"@type\":\"Organization\",\"@id\":\"https:\/\/www.escadn.fr\/#organization\",\"name\":\"Bureau d'\u00e9tude ESCADN\",\"url\":\"https:\/\/www.escadn.fr\/\",\"logo\":{\"@type\":\"ImageObject\",\"inLanguage\":\"fr-FR\",\"@id\":\"https:\/\/www.escadn.fr\/#\/schema\/logo\/image\/\",\"url\":\"https:\/\/www.escadn.fr\/wp-content\/uploads\/2023\/01\/cropped-cropped-logo-final-1-1-1.jpg\",\"contentUrl\":\"https:\/\/www.escadn.fr\/wp-content\/uploads\/2023\/01\/cropped-cropped-logo-final-1-1-1.jpg\",\"width\":512,\"height\":512,\"caption\":\"Bureau d'\u00e9tude ESCADN\"},\"image\":{\"@id\":\"https:\/\/www.escadn.fr\/#\/schema\/logo\/image\/\"},\"sameAs\":[\"https:\/\/www.linkedin.com\/company\/escadn\/\"]}]}<\/script>\n<!-- \/ Yoast SEO plugin. -->","yoast_head_json":{"title":"\u00c9tat de l'art - Bureau d&#039;\u00e9tude ESCADN","description":"L'\u00e9tat de l'art vous permettra de savoir les diff\u00e9rentes techniques utilis\u00e9es, les diff\u00e9rents r\u00e9sultats obtenus, etc.","robots":{"index":"index","follow":"follow","max-snippet":"max-snippet:-1","max-image-preview":"max-image-preview:large","max-video-preview":"max-video-preview:-1"},"canonical":"https:\/\/www.escadn.fr\/?page_id=321","og_locale":"fr_FR","og_type":"article","og_title":"\u00c9tat de l'art - Bureau d&#039;\u00e9tude ESCADN","og_description":"L'\u00e9tat de l'art vous permettra de savoir les diff\u00e9rentes techniques utilis\u00e9es, les diff\u00e9rents r\u00e9sultats obtenus, etc.","og_url":"https:\/\/www.escadn.fr\/?page_id=321","og_site_name":"Bureau d&#039;\u00e9tude ESCADN","article_modified_time":"2025-01-07T10:33:10+00:00","og_image":[{"url":"https:\/\/www.escadn.fr\/wp-content\/uploads\/2023\/02\/etat-dart-1024x577.png"}],"twitter_card":"summary_large_image","twitter_misc":{"Dur\u00e9e de lecture estim\u00e9e":"1 minute"},"schema":{"@context":"https:\/\/schema.org","@graph":[{"@type":"WebPage","@id":"https:\/\/www.escadn.fr\/?page_id=321","url":"https:\/\/www.escadn.fr\/?page_id=321","name":"\u00c9tat de l'art - Bureau d&#039;\u00e9tude ESCADN","isPartOf":{"@id":"https:\/\/www.escadn.fr\/#website"},"datePublished":"2023-02-07T09:26:58+00:00","dateModified":"2025-01-07T10:33:10+00:00","description":"L'\u00e9tat de l'art vous permettra de savoir les diff\u00e9rentes techniques utilis\u00e9es, les diff\u00e9rents r\u00e9sultats obtenus, etc.","breadcrumb":{"@id":"https:\/\/www.escadn.fr\/?page_id=321#breadcrumb"},"inLanguage":"fr-FR","potentialAction":[{"@type":"ReadAction","target":["https:\/\/www.escadn.fr\/?page_id=321"]}]},{"@type":"BreadcrumbList","@id":"https:\/\/www.escadn.fr\/?page_id=321#breadcrumb","itemListElement":[{"@type":"ListItem","position":1,"name":"Accueil","item":"https:\/\/www.escadn.fr\/"},{"@type":"ListItem","position":2,"name":"\u00c9tat de l&rsquo;art"}]},{"@type":"WebSite","@id":"https:\/\/www.escadn.fr\/#website","url":"https:\/\/www.escadn.fr\/","name":"Bureau d'\u00e9tude ESCADN","description":"Confiez-nous votre projet","publisher":{"@id":"https:\/\/www.escadn.fr\/#organization"},"potentialAction":[{"@type":"SearchAction","target":{"@type":"EntryPoint","urlTemplate":"https:\/\/www.escadn.fr\/?s={search_term_string}"},"query-input":"required name=search_term_string"}],"inLanguage":"fr-FR"},{"@type":"Organization","@id":"https:\/\/www.escadn.fr\/#organization","name":"Bureau d'\u00e9tude ESCADN","url":"https:\/\/www.escadn.fr\/","logo":{"@type":"ImageObject","inLanguage":"fr-FR","@id":"https:\/\/www.escadn.fr\/#\/schema\/logo\/image\/","url":"https:\/\/www.escadn.fr\/wp-content\/uploads\/2023\/01\/cropped-cropped-logo-final-1-1-1.jpg","contentUrl":"https:\/\/www.escadn.fr\/wp-content\/uploads\/2023\/01\/cropped-cropped-logo-final-1-1-1.jpg","width":512,"height":512,"caption":"Bureau d'\u00e9tude ESCADN"},"image":{"@id":"https:\/\/www.escadn.fr\/#\/schema\/logo\/image\/"},"sameAs":["https:\/\/www.linkedin.com\/company\/escadn\/"]}]}},"_links":{"self":[{"href":"https:\/\/www.escadn.fr\/index.php?rest_route=\/wp\/v2\/pages\/321","targetHints":{"allow":["GET"]}}],"collection":[{"href":"https:\/\/www.escadn.fr\/index.php?rest_route=\/wp\/v2\/pages"}],"about":[{"href":"https:\/\/www.escadn.fr\/index.php?rest_route=\/wp\/v2\/types\/page"}],"author":[{"embeddable":true,"href":"https:\/\/www.escadn.fr\/index.php?rest_route=\/wp\/v2\/users\/1"}],"replies":[{"embeddable":true,"href":"https:\/\/www.escadn.fr\/index.php?rest_route=%2Fwp%2Fv2%2Fcomments&post=321"}],"version-history":[{"count":88,"href":"https:\/\/www.escadn.fr\/index.php?rest_route=\/wp\/v2\/pages\/321\/revisions"}],"predecessor-version":[{"id":2565,"href":"https:\/\/www.escadn.fr\/index.php?rest_route=\/wp\/v2\/pages\/321\/revisions\/2565"}],"wp:attachment":[{"href":"https:\/\/www.escadn.fr\/index.php?rest_route=%2Fwp%2Fv2%2Fmedia&parent=321"}],"curies":[{"name":"wp","href":"https:\/\/api.w.org\/{rel}","templated":true}]}}