{"id":560,"date":"2023-02-20T12:19:40","date_gmt":"2023-02-20T11:19:40","guid":{"rendered":"http:\/\/www.escadn.fr\/?page_id=560"},"modified":"2025-01-07T13:28:50","modified_gmt":"2025-01-07T12:28:50","slug":"politiques-de-confidentialites-escadn","status":"publish","type":"page","link":"https:\/\/www.escadn.fr\/?page_id=560","title":{"rendered":"Politiques de confidentialit\u00e9"},"content":{"rendered":"\t\t<div data-elementor-type=\"wp-page\" data-elementor-id=\"560\" class=\"elementor elementor-560\">\n\t\t\t\t\t\t<section class=\"elementor-section elementor-top-section elementor-element elementor-element-ffa5e19 elementor-section-stretched elementor-section-boxed elementor-section-height-default elementor-section-height-default\" data-id=\"ffa5e19\" data-element_type=\"section\" data-e-type=\"section\" data-settings=\"{&quot;stretch_section&quot;:&quot;section-stretched&quot;}\">\n\t\t\t\t\t\t<div class=\"elementor-container elementor-column-gap-default\">\n\t\t\t\t\t<div class=\"elementor-column elementor-col-100 elementor-top-column elementor-element elementor-element-1b85e76\" data-id=\"1b85e76\" data-element_type=\"column\" data-e-type=\"column\">\n\t\t\t<div class=\"elementor-widget-wrap elementor-element-populated\">\n\t\t\t\t\t\t<div class=\"elementor-element elementor-element-22d6706 elementor-widget elementor-widget-text-editor\" data-id=\"22d6706\" data-element_type=\"widget\" data-e-type=\"widget\" data-widget_type=\"text-editor.default\">\n\t\t\t\t<div class=\"elementor-widget-container\">\n\t\t\t\t\t\t\t\t\t<p>escadn.fr<\/p><p>Adnani Hania, pr\u00e9sidente du bureau d&rsquo;\u00e9tude ESCADN<\/p><p>Type de site: vitrine<\/p>\t\t\t\t\t\t\t\t<\/div>\n\t\t\t\t<\/div>\n\t\t\t\t\t<\/div>\n\t\t<\/div>\n\t\t\t\t\t<\/div>\n\t\t<\/section>\n\t\t\t\t<section class=\"elementor-section elementor-top-section elementor-element elementor-element-58f59ce elementor-section-boxed elementor-section-height-default elementor-section-height-default\" data-id=\"58f59ce\" data-element_type=\"section\" data-e-type=\"section\">\n\t\t\t\t\t\t<div class=\"elementor-container elementor-column-gap-default\">\n\t\t\t\t\t<div class=\"elementor-column elementor-col-100 elementor-top-column elementor-element elementor-element-9dcd744\" data-id=\"9dcd744\" data-element_type=\"column\" data-e-type=\"column\">\n\t\t\t<div class=\"elementor-widget-wrap elementor-element-populated\">\n\t\t\t\t\t\t<div class=\"elementor-element elementor-element-1bad472 elementor-widget elementor-widget-heading\" data-id=\"1bad472\" data-element_type=\"widget\" data-e-type=\"widget\" data-widget_type=\"heading.default\">\n\t\t\t\t<div class=\"elementor-widget-container\">\n\t\t\t\t\t<h1 class=\"elementor-heading-title elementor-size-default\">Le but de cette politique de confidentialit\u00e9<\/h1>\t\t\t\t<\/div>\n\t\t\t\t<\/div>\n\t\t\t\t\t<\/div>\n\t\t<\/div>\n\t\t\t\t\t<\/div>\n\t\t<\/section>\n\t\t\t\t<section class=\"elementor-section elementor-top-section elementor-element elementor-element-7bdda3e elementor-section-stretched elementor-section-boxed elementor-section-height-default elementor-section-height-default\" data-id=\"7bdda3e\" data-element_type=\"section\" data-e-type=\"section\" data-settings=\"{&quot;stretch_section&quot;:&quot;section-stretched&quot;}\">\n\t\t\t\t\t\t<div class=\"elementor-container elementor-column-gap-default\">\n\t\t\t\t\t<div class=\"elementor-column elementor-col-100 elementor-top-column elementor-element elementor-element-c3e6b80\" data-id=\"c3e6b80\" data-element_type=\"column\" data-e-type=\"column\">\n\t\t\t<div class=\"elementor-widget-wrap elementor-element-populated\">\n\t\t\t\t\t\t<div class=\"elementor-element elementor-element-b606813 elementor-widget elementor-widget-text-editor\" data-id=\"b606813\" data-element_type=\"widget\" data-e-type=\"widget\" data-widget_type=\"text-editor.default\">\n\t\t\t\t<div class=\"elementor-widget-container\">\n\t\t\t\t\t\t\t\t\t<p class=\"font_8\">Le but de cette politique est d&rsquo;informer nos utilisations des donn\u00e9es que nous recueillons et notamment de:<\/p><ul class=\"font_8\"><li><p class=\"font_8\">Les donn\u00e9es personnelles que nous recueillons,<\/p><\/li><li><p class=\"font_8\">L&rsquo;utilisation de ces donn\u00e9es,<\/p><\/li><li><p class=\"font_8\">Qui a acc\u00e8s aux donn\u00e9es recueillis,<\/p><\/li><li><p class=\"font_8\">Les droits des utilisations du site,<\/p><\/li><li><p class=\"font_8\">La politique des cookies du site.<\/p><\/li><\/ul><p class=\"font_8\">Cette politique de confidentialit\u00e9, fonctionne parall\u00e8lement avec les conditions d&rsquo;utilisation de ce site web.<\/p>\t\t\t\t\t\t\t\t<\/div>\n\t\t\t\t<\/div>\n\t\t\t\t\t<\/div>\n\t\t<\/div>\n\t\t\t\t\t<\/div>\n\t\t<\/section>\n\t\t\t\t<section class=\"elementor-section elementor-top-section elementor-element elementor-element-56fe455 elementor-section-boxed elementor-section-height-default elementor-section-height-default\" data-id=\"56fe455\" data-element_type=\"section\" data-e-type=\"section\">\n\t\t\t\t\t\t<div class=\"elementor-container elementor-column-gap-default\">\n\t\t\t\t\t<div class=\"elementor-column elementor-col-100 elementor-top-column elementor-element elementor-element-3b7aa8e\" data-id=\"3b7aa8e\" data-element_type=\"column\" data-e-type=\"column\">\n\t\t\t<div class=\"elementor-widget-wrap elementor-element-populated\">\n\t\t\t\t\t\t<div class=\"elementor-element elementor-element-fc7b508 elementor-widget elementor-widget-heading\" data-id=\"fc7b508\" data-element_type=\"widget\" data-e-type=\"widget\" data-widget_type=\"heading.default\">\n\t\t\t\t<div class=\"elementor-widget-container\">\n\t\t\t\t\t<h2 class=\"elementor-heading-title elementor-size-default\">Lois applicables<\/h2>\t\t\t\t<\/div>\n\t\t\t\t<\/div>\n\t\t\t\t\t<\/div>\n\t\t<\/div>\n\t\t\t\t\t<\/div>\n\t\t<\/section>\n\t\t\t\t<section class=\"elementor-section elementor-top-section elementor-element elementor-element-0355385 elementor-section-stretched elementor-section-boxed elementor-section-height-default elementor-section-height-default\" data-id=\"0355385\" data-element_type=\"section\" data-e-type=\"section\" data-settings=\"{&quot;stretch_section&quot;:&quot;section-stretched&quot;}\">\n\t\t\t\t\t\t<div class=\"elementor-container elementor-column-gap-default\">\n\t\t\t\t\t<div class=\"elementor-column elementor-col-100 elementor-top-column elementor-element elementor-element-1a4193c\" data-id=\"1a4193c\" data-element_type=\"column\" data-e-type=\"column\">\n\t\t\t<div class=\"elementor-widget-wrap elementor-element-populated\">\n\t\t\t\t\t\t<div class=\"elementor-element elementor-element-9dc4a5c elementor-widget elementor-widget-text-editor\" data-id=\"9dc4a5c\" data-element_type=\"widget\" data-e-type=\"widget\" data-widget_type=\"text-editor.default\">\n\t\t\t\t<div class=\"elementor-widget-container\">\n\t\t\t\t\t\t\t\t\t<p class=\"font_8\">Conform\u00e9ment au\u00a0r\u00e8glement\u00a0g\u00e9n\u00e9ral\u00a0sur\u00a0protection des donn\u00e9es (RGPD), cette politique de confidentialit\u00e9 est conforme aux r\u00e8glements suivants.<\/p><p class=\"font_8\">Les donn\u00e9es personnelles doivent \u00eatre:<\/p><ul class=\"font_8\"><li><p class=\"font_8\">Trait\u00e9es de mani\u00e8re licite, loyale et transparente au regard de la personne concern\u00e9e ( lic\u00e9it\u00e9, loyaut\u00e9, transparence)\u00a0\u00a0<\/p><\/li><li><p class=\"font_8\">Collect\u00e9es pour des finalit\u00e9s d\u00e9termin\u00e9es, explicites et l\u00e9gitime, et ne jamais \u00eatre trait\u00e9es ult\u00e9rieurement d&rsquo;une mani\u00e8re incompatible avec les finalit\u00e9s d\u00e9finies au pr\u00e9alable, le traitement ult\u00e9rieur \u00e0 des fins archivistiques dans l&rsquo;int\u00e9r\u00eat public, ou \u00e0 des fins de recherche scientifique ou historique ou \u00e0 des fins statistiques n&rsquo;est pas consid\u00e9r\u00e9s conform\u00e9ment \u00e0 l&rsquo;article 89, paragraphe 1, comme incompatibles avec les finalit\u00e9s initiales (limitation de finalit\u00e9s),\u00a0<\/p><\/li><li><p class=\"font_8\">Ad\u00e9quates, pertinentes et limit\u00e9es \u00e0 ce qui est n\u00e9cessaire au regard des finalit\u00e9s pour lesquelles elles sont trait\u00e9es (minimisation des donn\u00e9es),<\/p><\/li><li><p class=\"font_8\">Exactes et tenues \u00e0 jour, et toutes les informations inexactes doivent \u00eatre corrig\u00e9es ou effac\u00e9es ( exactitude),\u00a0<\/p><\/li><li><p class=\"font_8\">Conserv\u00e9es sous une forme permettant l&rsquo;identification de la personne concern\u00e9e, pendant une dur\u00e9e n\u2019exc\u00e9dant pas celle n\u00e9cessaire au regard des finalit\u00e9s pr\u00e9-\u00e9tablies, sauf pour\u00a0des fins archivistiques dans l&rsquo;int\u00e9r\u00eat public, ou \u00e0 des fins de recherche scientifique ou historique ou \u00e0 des fins statistiques. (limitation de la conservation),<\/p><\/li><li><p class=\"font_8\">Trait\u00e9es de fa\u00e7on \u00e0 garantir une s\u00e9curit\u00e9 des donn\u00e9es personnelles y compris contre le traitement interdit ou contre la perte. ( int\u00e9grit\u00e9 et confidentialit\u00e9)<\/p><\/li><\/ul><p class=\"font_8\">Cette politique de confidentialit\u00e9, fonctionne parall\u00e8lement avec les conditions d&rsquo;utilisation de ce site web.<\/p>\t\t\t\t\t\t\t\t<\/div>\n\t\t\t\t<\/div>\n\t\t\t\t\t<\/div>\n\t\t<\/div>\n\t\t\t\t\t<\/div>\n\t\t<\/section>\n\t\t\t\t<section class=\"elementor-section elementor-top-section elementor-element elementor-element-918228a elementor-section-boxed elementor-section-height-default elementor-section-height-default\" data-id=\"918228a\" data-element_type=\"section\" data-e-type=\"section\">\n\t\t\t\t\t\t<div class=\"elementor-container elementor-column-gap-default\">\n\t\t\t\t\t<div class=\"elementor-column elementor-col-100 elementor-top-column elementor-element elementor-element-8385c71\" data-id=\"8385c71\" data-element_type=\"column\" data-e-type=\"column\">\n\t\t\t<div class=\"elementor-widget-wrap elementor-element-populated\">\n\t\t\t\t\t\t<div class=\"elementor-element elementor-element-b67989c elementor-widget elementor-widget-heading\" data-id=\"b67989c\" data-element_type=\"widget\" data-e-type=\"widget\" data-widget_type=\"heading.default\">\n\t\t\t\t<div class=\"elementor-widget-container\">\n\t\t\t\t\t<h2 class=\"elementor-heading-title elementor-size-default\">Droit que vous avez sur vos donn\u00e9es<\/h2>\t\t\t\t<\/div>\n\t\t\t\t<\/div>\n\t\t\t\t\t<\/div>\n\t\t<\/div>\n\t\t\t\t\t<\/div>\n\t\t<\/section>\n\t\t\t\t<section class=\"elementor-section elementor-top-section elementor-element elementor-element-4979d3e elementor-section-stretched elementor-section-boxed elementor-section-height-default elementor-section-height-default\" data-id=\"4979d3e\" data-element_type=\"section\" data-e-type=\"section\" data-settings=\"{&quot;stretch_section&quot;:&quot;section-stretched&quot;}\">\n\t\t\t\t\t\t<div class=\"elementor-container elementor-column-gap-default\">\n\t\t\t\t\t<div class=\"elementor-column elementor-col-100 elementor-top-column elementor-element elementor-element-255345c\" data-id=\"255345c\" data-element_type=\"column\" data-e-type=\"column\">\n\t\t\t<div class=\"elementor-widget-wrap elementor-element-populated\">\n\t\t\t\t\t\t<div class=\"elementor-element elementor-element-ab9c5b7 elementor-widget elementor-widget-text-editor\" data-id=\"ab9c5b7\" data-element_type=\"widget\" data-e-type=\"widget\" data-widget_type=\"text-editor.default\">\n\t\t\t\t<div class=\"elementor-widget-container\">\n\t\t\t\t\t\t\t\t\t<p>Si vous avez un compte ou que vous avez rempli un formulaire, laisser un commentaire, vous pouvez demander un fichier contenant toutes vos donn\u00e9es et en r\u00e9clamer la suppression.<\/p>\t\t\t\t\t\t\t\t<\/div>\n\t\t\t\t<\/div>\n\t\t\t\t\t<\/div>\n\t\t<\/div>\n\t\t\t\t\t<\/div>\n\t\t<\/section>\n\t\t\t\t<\/div>\n\t\t","protected":false},"excerpt":{"rendered":"<p>escadn.fr Adnani Hania, pr\u00e9sidente du bureau d&rsquo;\u00e9tude ESCADN Type de site: vitrine Le but de cette politique de confidentialit\u00e9 Le but de cette politique est d&rsquo;informer nos utilisations des donn\u00e9es que nous recueillons et notamment de: Les donn\u00e9es personnelles que nous recueillons, L&rsquo;utilisation de ces donn\u00e9es, Qui a acc\u00e8s aux donn\u00e9es recueillis, Les droits des [&hellip;]<\/p>\n","protected":false},"author":1,"featured_media":0,"parent":0,"menu_order":0,"comment_status":"closed","ping_status":"closed","template":"","meta":{"content-type":"","om_disable_all_campaigns":false,"_monsterinsights_skip_tracking":false,"_monsterinsights_sitenote_active":false,"_monsterinsights_sitenote_note":"","_monsterinsights_sitenote_category":0,"_uf_show_specific_survey":0,"_uf_disable_surveys":false,"ocean_post_layout":"","ocean_both_sidebars_style":"","ocean_both_sidebars_content_width":0,"ocean_both_sidebars_sidebars_width":0,"ocean_sidebar":"0","ocean_second_sidebar":"0","ocean_disable_margins":"enable","ocean_add_body_class":"","ocean_shortcode_before_top_bar":"","ocean_shortcode_after_top_bar":"","ocean_shortcode_before_header":"","ocean_shortcode_after_header":"","ocean_has_shortcode":"","ocean_shortcode_after_title":"","ocean_shortcode_before_footer_widgets":"","ocean_shortcode_after_footer_widgets":"","ocean_shortcode_before_footer_bottom":"","ocean_shortcode_after_footer_bottom":"","ocean_display_top_bar":"default","ocean_display_header":"default","ocean_header_style":"","ocean_center_header_left_menu":"0","ocean_custom_header_template":"0","ocean_custom_logo":0,"ocean_custom_retina_logo":0,"ocean_custom_logo_max_width":0,"ocean_custom_logo_tablet_max_width":0,"ocean_custom_logo_mobile_max_width":0,"ocean_custom_logo_max_height":0,"ocean_custom_logo_tablet_max_height":0,"ocean_custom_logo_mobile_max_height":0,"ocean_header_custom_menu":"0","ocean_menu_typo_font_family":"0","ocean_menu_typo_font_subset":"","ocean_menu_typo_font_size":0,"ocean_menu_typo_font_size_tablet":0,"ocean_menu_typo_font_size_mobile":0,"ocean_menu_typo_font_size_unit":"px","ocean_menu_typo_font_weight":"","ocean_menu_typo_font_weight_tablet":"","ocean_menu_typo_font_weight_mobile":"","ocean_menu_typo_transform":"","ocean_menu_typo_transform_tablet":"","ocean_menu_typo_transform_mobile":"","ocean_menu_typo_line_height":0,"ocean_menu_typo_line_height_tablet":0,"ocean_menu_typo_line_height_mobile":0,"ocean_menu_typo_line_height_unit":"","ocean_menu_typo_spacing":0,"ocean_menu_typo_spacing_tablet":0,"ocean_menu_typo_spacing_mobile":0,"ocean_menu_typo_spacing_unit":"","ocean_menu_link_color":"","ocean_menu_link_color_hover":"","ocean_menu_link_color_active":"","ocean_menu_link_background":"","ocean_menu_link_hover_background":"","ocean_menu_link_active_background":"","ocean_menu_social_links_bg":"","ocean_menu_social_hover_links_bg":"","ocean_menu_social_links_color":"","ocean_menu_social_hover_links_color":"","ocean_disable_title":"default","ocean_disable_heading":"default","ocean_post_title":"","ocean_post_subheading":"","ocean_post_title_style":"","ocean_post_title_background_color":"","ocean_post_title_background":0,"ocean_post_title_bg_image_position":"","ocean_post_title_bg_image_attachment":"","ocean_post_title_bg_image_repeat":"","ocean_post_title_bg_image_size":"","ocean_post_title_height":0,"ocean_post_title_bg_overlay":0.5,"ocean_post_title_bg_overlay_color":"","ocean_disable_breadcrumbs":"default","ocean_breadcrumbs_color":"","ocean_breadcrumbs_separator_color":"","ocean_breadcrumbs_links_color":"","ocean_breadcrumbs_links_hover_color":"","ocean_display_footer_widgets":"default","ocean_display_footer_bottom":"default","ocean_custom_footer_template":"0","footnotes":""},"class_list":["post-560","page","type-page","status-publish","hentry","entry"],"aioseo_notices":[],"yoast_head":"<!-- This site is optimized with the Yoast SEO plugin v21.9.1 - https:\/\/yoast.com\/wordpress\/plugins\/seo\/ -->\n<title>Politiques de confidentialit\u00e9 - Bureau d&#039;\u00e9tude ESCADN<\/title>\n<meta name=\"description\" content=\"Politiques de confidentialit\u00e9 | ESCADN\" \/>\n<meta name=\"robots\" content=\"index, follow, max-snippet:-1, max-image-preview:large, max-video-preview:-1\" \/>\n<link rel=\"canonical\" href=\"https:\/\/www.escadn.fr\/?page_id=560\" \/>\n<meta property=\"og:locale\" content=\"fr_FR\" \/>\n<meta property=\"og:type\" content=\"article\" \/>\n<meta property=\"og:title\" content=\"Politiques de confidentialit\u00e9 - Bureau d&#039;\u00e9tude ESCADN\" \/>\n<meta property=\"og:description\" content=\"Politiques de confidentialit\u00e9 | ESCADN\" \/>\n<meta property=\"og:url\" content=\"https:\/\/www.escadn.fr\/?page_id=560\" \/>\n<meta property=\"og:site_name\" content=\"Bureau d&#039;\u00e9tude ESCADN\" \/>\n<meta property=\"article:modified_time\" content=\"2025-01-07T12:28:50+00:00\" \/>\n<meta property=\"og:image\" content=\"https:\/\/www.escadn.fr\/wp-content\/uploads\/2023\/01\/cropped-logo-final-1-1.jpg\" \/>\n\t<meta property=\"og:image:width\" content=\"512\" \/>\n\t<meta property=\"og:image:height\" content=\"512\" \/>\n\t<meta property=\"og:image:type\" content=\"image\/jpeg\" \/>\n<meta name=\"twitter:card\" content=\"summary_large_image\" \/>\n<meta name=\"twitter:label1\" content=\"Dur\u00e9e de lecture estim\u00e9e\" \/>\n\t<meta name=\"twitter:data1\" content=\"2 minutes\" \/>\n<script type=\"application\/ld+json\" class=\"yoast-schema-graph\">{\"@context\":\"https:\/\/schema.org\",\"@graph\":[{\"@type\":\"WebPage\",\"@id\":\"https:\/\/www.escadn.fr\/?page_id=560\",\"url\":\"https:\/\/www.escadn.fr\/?page_id=560\",\"name\":\"Politiques de confidentialit\u00e9 - Bureau d&#039;\u00e9tude ESCADN\",\"isPartOf\":{\"@id\":\"https:\/\/www.escadn.fr\/#website\"},\"datePublished\":\"2023-02-20T11:19:40+00:00\",\"dateModified\":\"2025-01-07T12:28:50+00:00\",\"description\":\"Politiques de confidentialit\u00e9 | ESCADN\",\"breadcrumb\":{\"@id\":\"https:\/\/www.escadn.fr\/?page_id=560#breadcrumb\"},\"inLanguage\":\"fr-FR\",\"potentialAction\":[{\"@type\":\"ReadAction\",\"target\":[\"https:\/\/www.escadn.fr\/?page_id=560\"]}]},{\"@type\":\"BreadcrumbList\",\"@id\":\"https:\/\/www.escadn.fr\/?page_id=560#breadcrumb\",\"itemListElement\":[{\"@type\":\"ListItem\",\"position\":1,\"name\":\"Accueil\",\"item\":\"https:\/\/www.escadn.fr\/\"},{\"@type\":\"ListItem\",\"position\":2,\"name\":\"Politiques de confidentialit\u00e9\"}]},{\"@type\":\"WebSite\",\"@id\":\"https:\/\/www.escadn.fr\/#website\",\"url\":\"https:\/\/www.escadn.fr\/\",\"name\":\"Bureau d'\u00e9tude ESCADN\",\"description\":\"Confiez-nous votre projet\",\"publisher\":{\"@id\":\"https:\/\/www.escadn.fr\/#organization\"},\"potentialAction\":[{\"@type\":\"SearchAction\",\"target\":{\"@type\":\"EntryPoint\",\"urlTemplate\":\"https:\/\/www.escadn.fr\/?s={search_term_string}\"},\"query-input\":\"required name=search_term_string\"}],\"inLanguage\":\"fr-FR\"},{\"@type\":\"Organization\",\"@id\":\"https:\/\/www.escadn.fr\/#organization\",\"name\":\"Bureau d'\u00e9tude ESCADN\",\"url\":\"https:\/\/www.escadn.fr\/\",\"logo\":{\"@type\":\"ImageObject\",\"inLanguage\":\"fr-FR\",\"@id\":\"https:\/\/www.escadn.fr\/#\/schema\/logo\/image\/\",\"url\":\"https:\/\/www.escadn.fr\/wp-content\/uploads\/2023\/01\/cropped-cropped-logo-final-1-1-1.jpg\",\"contentUrl\":\"https:\/\/www.escadn.fr\/wp-content\/uploads\/2023\/01\/cropped-cropped-logo-final-1-1-1.jpg\",\"width\":512,\"height\":512,\"caption\":\"Bureau d'\u00e9tude ESCADN\"},\"image\":{\"@id\":\"https:\/\/www.escadn.fr\/#\/schema\/logo\/image\/\"},\"sameAs\":[\"https:\/\/www.linkedin.com\/company\/escadn\/\"]}]}<\/script>\n<!-- \/ Yoast SEO plugin. -->","yoast_head_json":{"title":"Politiques de confidentialit\u00e9 - Bureau d&#039;\u00e9tude ESCADN","description":"Politiques de confidentialit\u00e9 | ESCADN","robots":{"index":"index","follow":"follow","max-snippet":"max-snippet:-1","max-image-preview":"max-image-preview:large","max-video-preview":"max-video-preview:-1"},"canonical":"https:\/\/www.escadn.fr\/?page_id=560","og_locale":"fr_FR","og_type":"article","og_title":"Politiques de confidentialit\u00e9 - Bureau d&#039;\u00e9tude ESCADN","og_description":"Politiques de confidentialit\u00e9 | ESCADN","og_url":"https:\/\/www.escadn.fr\/?page_id=560","og_site_name":"Bureau d&#039;\u00e9tude ESCADN","article_modified_time":"2025-01-07T12:28:50+00:00","og_image":[{"width":512,"height":512,"url":"https:\/\/www.escadn.fr\/wp-content\/uploads\/2023\/01\/cropped-logo-final-1-1.jpg","type":"image\/jpeg"}],"twitter_card":"summary_large_image","twitter_misc":{"Dur\u00e9e de lecture estim\u00e9e":"2 minutes"},"schema":{"@context":"https:\/\/schema.org","@graph":[{"@type":"WebPage","@id":"https:\/\/www.escadn.fr\/?page_id=560","url":"https:\/\/www.escadn.fr\/?page_id=560","name":"Politiques de confidentialit\u00e9 - Bureau d&#039;\u00e9tude ESCADN","isPartOf":{"@id":"https:\/\/www.escadn.fr\/#website"},"datePublished":"2023-02-20T11:19:40+00:00","dateModified":"2025-01-07T12:28:50+00:00","description":"Politiques de confidentialit\u00e9 | ESCADN","breadcrumb":{"@id":"https:\/\/www.escadn.fr\/?page_id=560#breadcrumb"},"inLanguage":"fr-FR","potentialAction":[{"@type":"ReadAction","target":["https:\/\/www.escadn.fr\/?page_id=560"]}]},{"@type":"BreadcrumbList","@id":"https:\/\/www.escadn.fr\/?page_id=560#breadcrumb","itemListElement":[{"@type":"ListItem","position":1,"name":"Accueil","item":"https:\/\/www.escadn.fr\/"},{"@type":"ListItem","position":2,"name":"Politiques de confidentialit\u00e9"}]},{"@type":"WebSite","@id":"https:\/\/www.escadn.fr\/#website","url":"https:\/\/www.escadn.fr\/","name":"Bureau d'\u00e9tude ESCADN","description":"Confiez-nous votre projet","publisher":{"@id":"https:\/\/www.escadn.fr\/#organization"},"potentialAction":[{"@type":"SearchAction","target":{"@type":"EntryPoint","urlTemplate":"https:\/\/www.escadn.fr\/?s={search_term_string}"},"query-input":"required name=search_term_string"}],"inLanguage":"fr-FR"},{"@type":"Organization","@id":"https:\/\/www.escadn.fr\/#organization","name":"Bureau d'\u00e9tude ESCADN","url":"https:\/\/www.escadn.fr\/","logo":{"@type":"ImageObject","inLanguage":"fr-FR","@id":"https:\/\/www.escadn.fr\/#\/schema\/logo\/image\/","url":"https:\/\/www.escadn.fr\/wp-content\/uploads\/2023\/01\/cropped-cropped-logo-final-1-1-1.jpg","contentUrl":"https:\/\/www.escadn.fr\/wp-content\/uploads\/2023\/01\/cropped-cropped-logo-final-1-1-1.jpg","width":512,"height":512,"caption":"Bureau d'\u00e9tude ESCADN"},"image":{"@id":"https:\/\/www.escadn.fr\/#\/schema\/logo\/image\/"},"sameAs":["https:\/\/www.linkedin.com\/company\/escadn\/"]}]}},"_links":{"self":[{"href":"https:\/\/www.escadn.fr\/index.php?rest_route=\/wp\/v2\/pages\/560","targetHints":{"allow":["GET"]}}],"collection":[{"href":"https:\/\/www.escadn.fr\/index.php?rest_route=\/wp\/v2\/pages"}],"about":[{"href":"https:\/\/www.escadn.fr\/index.php?rest_route=\/wp\/v2\/types\/page"}],"author":[{"embeddable":true,"href":"https:\/\/www.escadn.fr\/index.php?rest_route=\/wp\/v2\/users\/1"}],"replies":[{"embeddable":true,"href":"https:\/\/www.escadn.fr\/index.php?rest_route=%2Fwp%2Fv2%2Fcomments&post=560"}],"version-history":[{"count":25,"href":"https:\/\/www.escadn.fr\/index.php?rest_route=\/wp\/v2\/pages\/560\/revisions"}],"predecessor-version":[{"id":2656,"href":"https:\/\/www.escadn.fr\/index.php?rest_route=\/wp\/v2\/pages\/560\/revisions\/2656"}],"wp:attachment":[{"href":"https:\/\/www.escadn.fr\/index.php?rest_route=%2Fwp%2Fv2%2Fmedia&parent=560"}],"curies":[{"name":"wp","href":"https:\/\/api.w.org\/{rel}","templated":true}]}}